{"id":5303,"date":"2024-11-18T03:09:32","date_gmt":"2024-11-18T03:09:32","guid":{"rendered":"https:\/\/steelbluestudios.com\/?page_id=5303"},"modified":"2025-11-24T09:29:04","modified_gmt":"2025-11-24T09:29:04","slug":"jobs","status":"publish","type":"page","link":"https:\/\/steelbluestudios.com\/en\/jobs","title":{"rendered":"Jobs"},"content":{"rendered":"<div data-elementor-type=\"wp-page\" data-elementor-id=\"5303\" class=\"elementor elementor-5303\" data-elementor-post-type=\"page\">\n\t\t\t\t\t\t<section class=\"elementor-section elementor-top-section elementor-element elementor-element-442e1b17 elementor-section-boxed elementor-section-height-default elementor-section-height-default\" data-id=\"442e1b17\" data-element_type=\"section\">\n\t\t\t\t\t\t<div class=\"elementor-container elementor-column-gap-default\">\n\t\t\t\t\t<div class=\"elementor-column elementor-col-100 elementor-top-column elementor-element elementor-element-41bcd761\" data-id=\"41bcd761\" data-element_type=\"column\">\n\t\t\t<div class=\"elementor-widget-wrap elementor-element-populated\">\n\t\t\t\t\t\t<div class=\"elementor-element elementor-element-55071a7f elementor-widget elementor-widget-spacer\" data-id=\"55071a7f\" data-element_type=\"widget\" data-widget_type=\"spacer.default\">\n\t\t\t\t<div class=\"elementor-widget-container\">\n\t\t\t\t\t\t\t<div class=\"elementor-spacer\">\n\t\t\t<div class=\"elementor-spacer-inner\"><\/div>\n\t\t<\/div>\n\t\t\t\t\t\t<\/div>\n\t\t\t\t<\/div>\n\t\t\t\t<div class=\"elementor-element elementor-element-6b569893 elementor-widget elementor-widget-accordion\" data-id=\"6b569893\" data-element_type=\"widget\" data-widget_type=\"accordion.default\">\n\t\t\t\t<div class=\"elementor-widget-container\">\n\t\t\t\t\t\t\t<div class=\"elementor-accordion\">\n\t\t\t\t\t\t\t<div class=\"elementor-accordion-item\">\n\t\t\t\t\t<div id=\"elementor-tab-title-1801\" class=\"elementor-tab-title\" data-tab=\"1\" role=\"button\" aria-controls=\"elementor-tab-content-1801\" aria-expanded=\"false\">\n\t\t\t\t\t\t\t\t\t\t\t\t<a class=\"elementor-accordion-title\" tabindex=\"0\">Duplicate<\/a>\n\t\t\t\t\t<\/div>\n\t\t\t\t\t<div id=\"elementor-tab-content-1801\" class=\"elementor-tab-content elementor-clearfix\" data-tab=\"1\" role=\"region\" aria-labelledby=\"elementor-tab-title-1801\"><\/div>\n\t\t\t\t<\/div>\n\t\t\t\t\t\t\t<div class=\"elementor-accordion-item\">\n\t\t\t\t\t<div id=\"elementor-tab-title-1802\" class=\"elementor-tab-title\" data-tab=\"2\" role=\"button\" aria-controls=\"elementor-tab-content-1802\" aria-expanded=\"false\">\n\t\t\t\t\t\t\t\t\t\t\t\t<a class=\"elementor-accordion-title\" tabindex=\"0\"><span class=\"slider-title-element-jobs\">EVENT TECHNICIAN \u2013 LIGHTING DEPARTMENT (M\/F\/D) \u2013 38.5H<\/span><span class=\"slider-slash\"> \/<\/span><\/a>\n\t\t\t\t\t<\/div>\n\t\t\t\t\t<div id=\"elementor-tab-content-1802\" class=\"elementor-tab-content elementor-clearfix\" data-tab=\"2\" role=\"region\" aria-labelledby=\"elementor-tab-title-1802\"><div><div data-ogsc=\"rgb(0, 0, 0)\"><b data-ogsc=\"\" data-olk-copy-source=\"MessageBody\">Your responsibilities with us:<\/b><\/div><ul><li data-ogsc=\"rgb(0, 0, 0)\">Setup, teardown, and system-related support of lighting technology at events<\/li><li data-ogsc=\"rgb(0, 0, 0)\">Planning and implementation of network infrastructure in the context of event technology<\/li><li data-ogsc=\"rgb(0, 0, 0)\">Planning and conceptualization of lighting systems using Vectorworks Spotlight<\/li><\/ul><p>\u00a0<\/p><div data-ogsc=\"rgb(0, 0, 0)\"><b data-ogsc=\"\">What we offer:<\/b><\/div><ul><li data-ogsc=\"rgb(0, 0, 0)\">A project-based and varied job where no day is like the other<\/li><li data-ogsc=\"rgb(0, 0, 0)\">An exciting work environment in the entertainment industry (live events, touring)<\/li><li data-ogsc=\"rgb(0, 0, 0)\">Access to know-how in lighting and video technology as well as CAD planning through our team<\/li><li data-ogsc=\"rgb(0, 0, 0)\">GrandMA3, media servers, and previs infrastructure in our studio<\/li><li data-ogsc=\"rgb(0, 0, 0)\">A fixed, season-independent salary according to the collective agreement (Metal Industry Employees) of at least \u20ac2,668.69 gross (overpayment possible depending on qualifications)<\/li><\/ul><div>\u00a0<\/div><p><span data-olk-copy-source=\"MessageBody\"><b>What you bring:<\/b><\/span><\/p><ul><li data-ogsc=\"rgb(0, 0, 0)\">Completed training in event technology or several years of professional experience in lighting technology at events<\/li><li data-ogsc=\"rgb(0, 0, 0)\">Basic knowledge of GrandMA2 \/ GrandMA3 and network infrastructure<\/li><li data-ogsc=\"rgb(0, 0, 0)\">Willingness to work irregular hours and travel (including weekend and night work if necessary)<\/li><li data-ogsc=\"rgb(0, 0, 0)\">Experience working at heights, IPAF training for access platforms, and experience with Vectorworks Spotlight are advantageous<\/li><li data-ogsc=\"rgb(0, 0, 0)\">Excellent command of German (C1) and good spoken and written English skills<\/li><\/ul><div>\u00a0<\/div><p><strong>Ready for the next step?<\/strong><\/p><p>Let\u2019s create great things together!<\/p><p>Become part of our team and shape the world of visual staging with us! We look forward to receiving your application with CV and cover letter at office@steelbluestudios.com<\/p><\/div><\/div>\n\t\t\t\t<\/div>\n\t\t\t\t\t\t\t\t<\/div>\n\t\t\t\t\t\t<\/div>\n\t\t\t\t<\/div>\n\t\t\t\t<div class=\"elementor-element elementor-element-2e9696b3 elementor-widget elementor-widget-spacer\" data-id=\"2e9696b3\" data-element_type=\"widget\" data-widget_type=\"spacer.default\">\n\t\t\t\t<div class=\"elementor-widget-container\">\n\t\t\t\t\t\t\t<div class=\"elementor-spacer\">\n\t\t\t<div class=\"elementor-spacer-inner\"><\/div>\n\t\t<\/div>\n\t\t\t\t\t\t<\/div>\n\t\t\t\t<\/div>\n\t\t\t\t\t<\/div>\n\t\t<\/div>\n\t\t\t\t\t<\/div>\n\t\t<\/section>\n\t\t\t\t<\/div>","protected":false},"excerpt":{"rendered":"<p>Duplicate VERANSTALTUNGSTECHNIKER*IN GEWERK LICHT (M\/W\/D) &#8211; 38,5H \/ Deine Aufgaben bei uns: Auf-\/Abbau und systemtechnische Betreuung von Lichttechnik auf Veranstaltungen Planung und Einrichtung von Netzwerk-Infrastruktur im Kontext der Veranstaltungstechnik Planung und Konzeption von lichttechnischen Systemen in Vectorworks Spotlight \u00a0 Was wir dir bieten: Einen projektbasierten und abwechslungsreichen Job wo kein Tag wie der andere ist [&hellip;]<\/p>","protected":false},"author":1,"featured_media":3348,"parent":0,"menu_order":0,"comment_status":"closed","ping_status":"closed","template":"","meta":{"_acf_changed":false,"_monsterinsights_skip_tracking":false,"_monsterinsights_sitenote_active":false,"_monsterinsights_sitenote_note":"","_monsterinsights_sitenote_category":0,"footnotes":""},"class_list":["post-5303","page","type-page","status-publish","has-post-thumbnail","hentry"],"acf":[],"yoast_head":"<!-- This site is optimized with the Yoast SEO plugin v25.1 - https:\/\/yoast.com\/wordpress\/plugins\/seo\/ -->\n<title>Jobs - Steelblue Studios<\/title>\n<meta name=\"description\" content=\"Unser Leistungspaket setzt sich zusammen aus: Creative Direction, Programming, Operating und Systemtechnik.\" \/>\n<meta name=\"robots\" content=\"index, follow, max-snippet:-1, max-image-preview:large, max-video-preview:-1\" \/>\n<link rel=\"canonical\" href=\"https:\/\/steelbluestudios.com\/en\/jobs\/\" \/>\n<meta property=\"og:locale\" content=\"en_US\" \/>\n<meta property=\"og:type\" content=\"article\" \/>\n<meta property=\"og:title\" content=\"Jobs - Steelblue Studios\" \/>\n<meta property=\"og:description\" content=\"Die Abstimmung von allen (visuellen) Komponenten einer Show ist unserer Meinung nach ein wichtiger Faktor f\u00fcr den bleibenden Eindruck. Der richtig getimte Einsatz von Licht, Video, Laser, etc. hat bei der Konzeption einer Show f\u00fcr uns eine hohe Priorit\u00e4t.\" \/>\n<meta property=\"og:url\" content=\"https:\/\/steelbluestudios.com\/en\/jobs\/\" \/>\n<meta property=\"og:site_name\" content=\"Steelblue Studios\" \/>\n<meta property=\"article:modified_time\" content=\"2025-11-24T09:29:04+00:00\" \/>\n<meta property=\"og:image\" content=\"https:\/\/steelbluestudios.com\/wp-content\/uploads\/2023\/04\/Programming-min-scaled.jpg\" \/>\n\t<meta property=\"og:image:width\" content=\"2560\" \/>\n\t<meta property=\"og:image:height\" content=\"1709\" \/>\n\t<meta property=\"og:image:type\" content=\"image\/jpeg\" \/>\n<meta name=\"twitter:card\" content=\"summary_large_image\" \/>\n<meta name=\"twitter:title\" content=\"Jobs - Steelblue Studios\" \/>\n<meta name=\"twitter:description\" content=\"Die Abstimmung von allen (visuellen) Komponenten einer Show ist unserer Meinung nach ein wichtiger Faktor f\u00fcr den bleibenden Eindruck. Der richtig getimte Einsatz von Licht, Video, Laser, etc. hat bei der Konzeption einer Show f\u00fcr uns eine hohe Priorit\u00e4t.\" \/>\n<meta name=\"twitter:image\" content=\"https:\/\/steelbluestudios.com\/wp-content\/uploads\/2023\/04\/Programming-min-scaled.jpg\" \/>\n<meta name=\"twitter:label1\" content=\"Est. reading time\" \/>\n\t<meta name=\"twitter:data1\" content=\"2 minutes\" \/>\n<script type=\"application\/ld+json\" class=\"yoast-schema-graph\">{\"@context\":\"https:\/\/schema.org\",\"@graph\":[{\"@type\":\"WebPage\",\"@id\":\"https:\/\/steelbluestudios.com\/jobs\",\"url\":\"https:\/\/steelbluestudios.com\/jobs\",\"name\":\"Jobs - Steelblue Studios\",\"isPartOf\":{\"@id\":\"https:\/\/steelbluestudios.com\/#website\"},\"primaryImageOfPage\":{\"@id\":\"https:\/\/steelbluestudios.com\/jobs#primaryimage\"},\"image\":{\"@id\":\"https:\/\/steelbluestudios.com\/jobs#primaryimage\"},\"thumbnailUrl\":\"https:\/\/steelbluestudios.com\/wp-content\/uploads\/2023\/04\/Programming-min-scaled.jpg\",\"datePublished\":\"2024-11-18T03:09:32+00:00\",\"dateModified\":\"2025-11-24T09:29:04+00:00\",\"description\":\"Unser Leistungspaket setzt sich zusammen aus: Creative Direction, Programming, Operating und Systemtechnik.\",\"breadcrumb\":{\"@id\":\"https:\/\/steelbluestudios.com\/jobs#breadcrumb\"},\"inLanguage\":\"en-US\",\"potentialAction\":[{\"@type\":\"ReadAction\",\"target\":[\"https:\/\/steelbluestudios.com\/jobs\"]}]},{\"@type\":\"ImageObject\",\"inLanguage\":\"en-US\",\"@id\":\"https:\/\/steelbluestudios.com\/jobs#primaryimage\",\"url\":\"https:\/\/steelbluestudios.com\/wp-content\/uploads\/2023\/04\/Programming-min-scaled.jpg\",\"contentUrl\":\"https:\/\/steelbluestudios.com\/wp-content\/uploads\/2023\/04\/Programming-min-scaled.jpg\",\"width\":2560,\"height\":1709},{\"@type\":\"BreadcrumbList\",\"@id\":\"https:\/\/steelbluestudios.com\/jobs#breadcrumb\",\"itemListElement\":[{\"@type\":\"ListItem\",\"position\":1,\"name\":\"Startseite\",\"item\":\"https:\/\/steelbluestudios.com\/\"},{\"@type\":\"ListItem\",\"position\":2,\"name\":\"Jobs\"}]},{\"@type\":\"WebSite\",\"@id\":\"https:\/\/steelbluestudios.com\/#website\",\"url\":\"https:\/\/steelbluestudios.com\/\",\"name\":\"Steelblue Studios\",\"description\":\"\",\"publisher\":{\"@id\":\"https:\/\/steelbluestudios.com\/#organization\"},\"potentialAction\":[{\"@type\":\"SearchAction\",\"target\":{\"@type\":\"EntryPoint\",\"urlTemplate\":\"https:\/\/steelbluestudios.com\/?s={search_term_string}\"},\"query-input\":{\"@type\":\"PropertyValueSpecification\",\"valueRequired\":true,\"valueName\":\"search_term_string\"}}],\"inLanguage\":\"en-US\"},{\"@type\":\"Organization\",\"@id\":\"https:\/\/steelbluestudios.com\/#organization\",\"name\":\"Steelblue Studios\",\"url\":\"https:\/\/steelbluestudios.com\/\",\"logo\":{\"@type\":\"ImageObject\",\"inLanguage\":\"en-US\",\"@id\":\"https:\/\/steelbluestudios.com\/#\/schema\/logo\/image\/\",\"url\":\"https:\/\/steelbluestudios.com\/wp-content\/uploads\/2023\/04\/steelblue_final_rgb_white_blue.png\",\"contentUrl\":\"https:\/\/steelbluestudios.com\/wp-content\/uploads\/2023\/04\/steelblue_final_rgb_white_blue.png\",\"width\":4797,\"height\":1137,\"caption\":\"Steelblue Studios\"},\"image\":{\"@id\":\"https:\/\/steelbluestudios.com\/#\/schema\/logo\/image\/\"}}]}<\/script>\n<!-- \/ Yoast SEO plugin. -->","yoast_head_json":{"title":"Jobs - Steelblue Studios","description":"Unser Leistungspaket setzt sich zusammen aus: Creative Direction, Programming, Operating und Systemtechnik.","robots":{"index":"index","follow":"follow","max-snippet":"max-snippet:-1","max-image-preview":"max-image-preview:large","max-video-preview":"max-video-preview:-1"},"canonical":"https:\/\/steelbluestudios.com\/en\/jobs\/","og_locale":"en_US","og_type":"article","og_title":"Jobs - Steelblue Studios","og_description":"Die Abstimmung von allen (visuellen) Komponenten einer Show ist unserer Meinung nach ein wichtiger Faktor f\u00fcr den bleibenden Eindruck. Der richtig getimte Einsatz von Licht, Video, Laser, etc. hat bei der Konzeption einer Show f\u00fcr uns eine hohe Priorit\u00e4t.","og_url":"https:\/\/steelbluestudios.com\/en\/jobs\/","og_site_name":"Steelblue Studios","article_modified_time":"2025-11-24T09:29:04+00:00","og_image":[{"width":2560,"height":1709,"url":"https:\/\/steelbluestudios.com\/wp-content\/uploads\/2023\/04\/Programming-min-scaled.jpg","type":"image\/jpeg"}],"twitter_card":"summary_large_image","twitter_title":"Jobs - Steelblue Studios","twitter_description":"Die Abstimmung von allen (visuellen) Komponenten einer Show ist unserer Meinung nach ein wichtiger Faktor f\u00fcr den bleibenden Eindruck. Der richtig getimte Einsatz von Licht, Video, Laser, etc. hat bei der Konzeption einer Show f\u00fcr uns eine hohe Priorit\u00e4t.","twitter_image":"https:\/\/steelbluestudios.com\/wp-content\/uploads\/2023\/04\/Programming-min-scaled.jpg","twitter_misc":{"Est. reading time":"2 minutes"},"schema":{"@context":"https:\/\/schema.org","@graph":[{"@type":"WebPage","@id":"https:\/\/steelbluestudios.com\/jobs","url":"https:\/\/steelbluestudios.com\/jobs","name":"Jobs - Steelblue Studios","isPartOf":{"@id":"https:\/\/steelbluestudios.com\/#website"},"primaryImageOfPage":{"@id":"https:\/\/steelbluestudios.com\/jobs#primaryimage"},"image":{"@id":"https:\/\/steelbluestudios.com\/jobs#primaryimage"},"thumbnailUrl":"https:\/\/steelbluestudios.com\/wp-content\/uploads\/2023\/04\/Programming-min-scaled.jpg","datePublished":"2024-11-18T03:09:32+00:00","dateModified":"2025-11-24T09:29:04+00:00","description":"Unser Leistungspaket setzt sich zusammen aus: Creative Direction, Programming, Operating und Systemtechnik.","breadcrumb":{"@id":"https:\/\/steelbluestudios.com\/jobs#breadcrumb"},"inLanguage":"en-US","potentialAction":[{"@type":"ReadAction","target":["https:\/\/steelbluestudios.com\/jobs"]}]},{"@type":"ImageObject","inLanguage":"en-US","@id":"https:\/\/steelbluestudios.com\/jobs#primaryimage","url":"https:\/\/steelbluestudios.com\/wp-content\/uploads\/2023\/04\/Programming-min-scaled.jpg","contentUrl":"https:\/\/steelbluestudios.com\/wp-content\/uploads\/2023\/04\/Programming-min-scaled.jpg","width":2560,"height":1709},{"@type":"BreadcrumbList","@id":"https:\/\/steelbluestudios.com\/jobs#breadcrumb","itemListElement":[{"@type":"ListItem","position":1,"name":"Startseite","item":"https:\/\/steelbluestudios.com\/"},{"@type":"ListItem","position":2,"name":"Jobs"}]},{"@type":"WebSite","@id":"https:\/\/steelbluestudios.com\/#website","url":"https:\/\/steelbluestudios.com\/","name":"Steelblue Studios","description":"","publisher":{"@id":"https:\/\/steelbluestudios.com\/#organization"},"potentialAction":[{"@type":"SearchAction","target":{"@type":"EntryPoint","urlTemplate":"https:\/\/steelbluestudios.com\/?s={search_term_string}"},"query-input":{"@type":"PropertyValueSpecification","valueRequired":true,"valueName":"search_term_string"}}],"inLanguage":"en-US"},{"@type":"Organization","@id":"https:\/\/steelbluestudios.com\/#organization","name":"Steelblue Studios","url":"https:\/\/steelbluestudios.com\/","logo":{"@type":"ImageObject","inLanguage":"en-US","@id":"https:\/\/steelbluestudios.com\/#\/schema\/logo\/image\/","url":"https:\/\/steelbluestudios.com\/wp-content\/uploads\/2023\/04\/steelblue_final_rgb_white_blue.png","contentUrl":"https:\/\/steelbluestudios.com\/wp-content\/uploads\/2023\/04\/steelblue_final_rgb_white_blue.png","width":4797,"height":1137,"caption":"Steelblue Studios"},"image":{"@id":"https:\/\/steelbluestudios.com\/#\/schema\/logo\/image\/"}}]}},"_links":{"self":[{"href":"https:\/\/steelbluestudios.com\/en\/wp-json\/wp\/v2\/pages\/5303"}],"collection":[{"href":"https:\/\/steelbluestudios.com\/en\/wp-json\/wp\/v2\/pages"}],"about":[{"href":"https:\/\/steelbluestudios.com\/en\/wp-json\/wp\/v2\/types\/page"}],"author":[{"embeddable":true,"href":"https:\/\/steelbluestudios.com\/en\/wp-json\/wp\/v2\/users\/1"}],"replies":[{"embeddable":true,"href":"https:\/\/steelbluestudios.com\/en\/wp-json\/wp\/v2\/comments?post=5303"}],"version-history":[{"count":116,"href":"https:\/\/steelbluestudios.com\/en\/wp-json\/wp\/v2\/pages\/5303\/revisions"}],"predecessor-version":[{"id":5913,"href":"https:\/\/steelbluestudios.com\/en\/wp-json\/wp\/v2\/pages\/5303\/revisions\/5913"}],"wp:featuredmedia":[{"embeddable":true,"href":"https:\/\/steelbluestudios.com\/en\/wp-json\/wp\/v2\/media\/3348"}],"wp:attachment":[{"href":"https:\/\/steelbluestudios.com\/en\/wp-json\/wp\/v2\/media?parent=5303"}],"curies":[{"name":"wp","href":"https:\/\/api.w.org\/{rel}","templated":true}]}}