{"id":3312,"date":"2023-04-17T23:25:12","date_gmt":"2023-04-17T23:25:12","guid":{"rendered":"https:\/\/steelbluestudios.com\/?page_id=3312"},"modified":"2023-05-03T14:20:05","modified_gmt":"2023-05-03T14:20:05","slug":"impressum","status":"publish","type":"page","link":"https:\/\/steelbluestudios.com\/en\/impressum","title":{"rendered":"Imprint"},"content":{"rendered":"<div data-elementor-type=\"wp-page\" data-elementor-id=\"3312\" class=\"elementor elementor-3312\" data-elementor-post-type=\"page\">\n\t\t\t\t\t\t<section class=\"elementor-section elementor-top-section elementor-element elementor-element-2aefd7c elementor-section-boxed elementor-section-height-default elementor-section-height-default\" data-id=\"2aefd7c\" data-element_type=\"section\">\n\t\t\t\t\t\t<div class=\"elementor-container elementor-column-gap-default\">\n\t\t\t\t\t<div class=\"elementor-column elementor-col-100 elementor-top-column elementor-element elementor-element-2a0b817\" data-id=\"2a0b817\" data-element_type=\"column\">\n\t\t\t<div class=\"elementor-widget-wrap elementor-element-populated\">\n\t\t\t\t\t\t<div class=\"elementor-element elementor-element-b67ead3 elementor-widget elementor-widget-spacer\" data-id=\"b67ead3\" data-element_type=\"widget\" data-widget_type=\"spacer.default\">\n\t\t\t\t<div class=\"elementor-widget-container\">\n\t\t\t\t\t\t\t<div class=\"elementor-spacer\">\n\t\t\t<div class=\"elementor-spacer-inner\"><\/div>\n\t\t<\/div>\n\t\t\t\t\t\t<\/div>\n\t\t\t\t<\/div>\n\t\t\t\t<div class=\"elementor-element elementor-element-fe161e9 elementor-widget elementor-widget-heading\" data-id=\"fe161e9\" data-element_type=\"widget\" data-widget_type=\"heading.default\">\n\t\t\t\t<div class=\"elementor-widget-container\">\n\t\t\t\t\t<h1 class=\"elementor-heading-title elementor-size-default\">Imprint<\/h1>\t\t\t\t<\/div>\n\t\t\t\t<\/div>\n\t\t\t\t<div class=\"elementor-element elementor-element-32d08f2 elementor-widget elementor-widget-spacer\" data-id=\"32d08f2\" data-element_type=\"widget\" data-widget_type=\"spacer.default\">\n\t\t\t\t<div class=\"elementor-widget-container\">\n\t\t\t\t\t\t\t<div class=\"elementor-spacer\">\n\t\t\t<div class=\"elementor-spacer-inner\"><\/div>\n\t\t<\/div>\n\t\t\t\t\t\t<\/div>\n\t\t\t\t<\/div>\n\t\t\t\t\t<\/div>\n\t\t<\/div>\n\t\t\t\t\t<\/div>\n\t\t<\/section>\n\t\t\t\t<section class=\"elementor-section elementor-top-section elementor-element elementor-element-11c71b4 elementor-section-boxed elementor-section-height-default elementor-section-height-default\" data-id=\"11c71b4\" data-element_type=\"section\" data-settings=\"{&quot;background_background&quot;:&quot;classic&quot;}\">\n\t\t\t\t\t\t<div class=\"elementor-container elementor-column-gap-default\">\n\t\t\t\t\t<div class=\"elementor-column elementor-col-100 elementor-top-column elementor-element elementor-element-db39346\" data-id=\"db39346\" data-element_type=\"column\" data-settings=\"{&quot;background_background&quot;:&quot;classic&quot;}\">\n\t\t\t<div class=\"elementor-widget-wrap elementor-element-populated\">\n\t\t\t\t\t\t<div class=\"elementor-element elementor-element-c4d65a4 elementor-widget elementor-widget-text-editor\" data-id=\"c4d65a4\" data-element_type=\"widget\" data-widget_type=\"text-editor.default\">\n\t\t\t\t<div class=\"elementor-widget-container\">\n\t\t\t\t\t\t\t\t\t<h2><strong>A<\/strong>llgemeine Informationen<strong><br><\/strong><\/h2>\n<p><strong>Steelblue Studios GmbH<br>Gartengasse 28\/8 1050 Wien<br><\/strong><a href=\"mailto:office@steelbluestudios.com\"><strong>office@steelbluestudios.com<\/strong><\/a><\/p>\n<p><b>Gesch\u00e4ftsf\u00fchrende Gesellschafter<br><\/b>Emanuel J\u00f6rgner, Maximilian Strobl<b><br><\/b><\/p>\n<p><b>UID<br><\/b>ATU78720403<b><br><\/b><\/p><p><b>Firmenbuch Nummer<br><\/b>FN 590974 f<b><br><\/b><\/p><p><b>Firmenbuch-Gericht<br><\/b>Handelsgericht Wien<\/p><p>Mitglied der WKO Wien<b><br><\/b><\/p><p><b>Verleihungsstaat<br><\/b>\u00d6sterreich<b><br><\/b><\/p><p><b>Aufsichtsbeh\u00f6rde\/Gewerbebeh\u00f6rde<br><\/b>Magistrat der Stadt Wien<\/p>\n<p><br><\/p>\n<p><\/p>\n<h2><span style=\"font-weight: normal;\">Gesch\u00e4ftszweig <\/span><\/h2>\n<p>Visuelle Gestaltung und Konzeption von Veranstaltungen und Locations jeglicher Art, B\u00fchnendekorationen sowie Beschallungs-, Dekorations- und Beleuchtungst\u00e4tigkeiten f\u00fcr Veranstaltungen.<\/p>\n<p><br><\/p>\n<p><\/p>\n<h2><span style=\"font-weight: normal;\">Hinweise und Haftungsausschluss<\/span><\/h2>\n<p>Im Hinblick auf die technischen Eigenschaften des Internet kann keine Gew\u00e4hr f\u00fcr die Authentizit\u00e4t, Richtigkeit und Vollst\u00e4ndigkeit der im Internet zur Verf\u00fcgung gestellten Informationen \u00fcbernommen werden. Es wird auch keine Gew\u00e4hr f\u00fcr die Verf\u00fcgbarkeit oder den Betrieb der gegenst\u00e4ndlichen Homepage und ihrer Inhalte \u00fcbernommen.<\/p>\n<p>Jede Haftung f\u00fcr unmittelbare, mittelbare oder sonstige Sch\u00e4den, unabh\u00e4ngig von deren Ursachen, die aus der Benutzung oder Nichtverf\u00fcgbarkeit der Daten und Informationen dieser Homepage erwachsen, wird, soweit rechtlich zul\u00e4ssig, ausgeschlossen.<\/p>\n<p>Der Inhalt dieser Homepage ist urheberrechtlich gesch\u00fctzt. Bild und Text sind nur f\u00fcr die pers\u00f6nliche Verwendung bestimmt. Jede weitergehende Nutzung insbesondere die Speicherung in Datenbanken, Vervielf\u00e4ltigung und jede Form von gewerblicher Nutzung sowie die Weitergabe an Dritte &#8211; auch in Teilen oder in \u00fcberarbeiteter Form &#8211; ohne Zustimmung der jeweiligen Organisation ist untersagt.<\/p>\n<p>Jede Einbindung einzelner Seiten unseres Angebotes in fremde Frames ist zu unterlassen.<\/p>\n<p>Soweit im Content personenbezogene Bezeichnungen nur in m\u00e4nnlicher Form angef\u00fchrt sind, beziehen sie sich auf Frauen und M\u00e4nner in gleicher Weise.<\/p>\n<p><br><\/p>\n<p><\/p>\n<h2><strong>C<\/strong><span style=\"font-weight: normal;\">opyright<\/span><\/h2>\n<p>Alle Daten dieser Website sind urheberrechtlich gesch\u00fctzt. Jede Bearbeitung, Vervielf\u00e4ltigung, Verbreitung und\/oder \u00f6ffentliche Wiedergabe unabh\u00e4ngig vom verwendetem Medium stellt einen Urheberrechtsversto\u00df dar.<\/p>\t\t\t\t\t\t\t\t<\/div>\n\t\t\t\t<\/div>\n\t\t\t\t<div class=\"elementor-element elementor-element-c619cc7 elementor-widget elementor-widget-spacer\" data-id=\"c619cc7\" data-element_type=\"widget\" data-widget_type=\"spacer.default\">\n\t\t\t\t<div class=\"elementor-widget-container\">\n\t\t\t\t\t\t\t<div class=\"elementor-spacer\">\n\t\t\t<div class=\"elementor-spacer-inner\"><\/div>\n\t\t<\/div>\n\t\t\t\t\t\t<\/div>\n\t\t\t\t<\/div>\n\t\t\t\t\t<\/div>\n\t\t<\/div>\n\t\t\t\t\t<\/div>\n\t\t<\/section>\n\t\t\t\t<\/div>","protected":false},"excerpt":{"rendered":"<p>Impressum Allgemeine Informationen Steelblue Studios GmbHGartengasse 28\/8 1050 Wienoffice@steelbluestudios.com Gesch\u00e4ftsf\u00fchrende GesellschafterEmanuel J\u00f6rgner, Maximilian Strobl UIDATU78720403 Firmenbuch NummerFN 590974 f Firmenbuch-GerichtHandelsgericht Wien Mitglied der WKO Wien Verleihungsstaat\u00d6sterreich Aufsichtsbeh\u00f6rde\/Gewerbebeh\u00f6rdeMagistrat der Stadt Wien Gesch\u00e4ftszweig Visuelle Gestaltung und Konzeption von Veranstaltungen und Locations jeglicher Art, B\u00fchnendekorationen sowie Beschallungs-, Dekorations- und Beleuchtungst\u00e4tigkeiten f\u00fcr Veranstaltungen. Hinweise und Haftungsausschluss Im Hinblick auf [&hellip;]<\/p>","protected":false},"author":1,"featured_media":0,"parent":0,"menu_order":0,"comment_status":"closed","ping_status":"closed","template":"","meta":{"_acf_changed":false,"_monsterinsights_skip_tracking":false,"_monsterinsights_sitenote_active":false,"_monsterinsights_sitenote_note":"","_monsterinsights_sitenote_category":0,"footnotes":""},"class_list":["post-3312","page","type-page","status-publish","hentry"],"acf":[],"yoast_head":"<!-- This site is optimized with the Yoast SEO plugin v25.1 - https:\/\/yoast.com\/wordpress\/plugins\/seo\/ -->\n<title>Impressum - Steelblue Studios<\/title>\n<meta name=\"robots\" content=\"index, follow, max-snippet:-1, max-image-preview:large, max-video-preview:-1\" \/>\n<link rel=\"canonical\" href=\"https:\/\/steelbluestudios.com\/en\/impressum\/\" \/>\n<meta property=\"og:locale\" content=\"en_US\" \/>\n<meta property=\"og:type\" content=\"article\" \/>\n<meta property=\"og:title\" content=\"Impressum - Steelblue Studios\" \/>\n<meta property=\"og:description\" content=\"Impressum Allgemeine Informationen Steelblue Studios GmbHGartengasse 28\/8 1050 Wienoffice@steelbluestudios.com Gesch\u00e4ftsf\u00fchrende GesellschafterEmanuel J\u00f6rgner, Maximilian Strobl UIDATU78720403 Firmenbuch NummerFN 590974 f Firmenbuch-GerichtHandelsgericht Wien Mitglied der WKO Wien Verleihungsstaat\u00d6sterreich Aufsichtsbeh\u00f6rde\/Gewerbebeh\u00f6rdeMagistrat der Stadt Wien Gesch\u00e4ftszweig Visuelle Gestaltung und Konzeption von Veranstaltungen und Locations jeglicher Art, B\u00fchnendekorationen sowie Beschallungs-, Dekorations- und Beleuchtungst\u00e4tigkeiten f\u00fcr Veranstaltungen. Hinweise und Haftungsausschluss Im Hinblick auf [&hellip;]\" \/>\n<meta property=\"og:url\" content=\"https:\/\/steelbluestudios.com\/en\/impressum\/\" \/>\n<meta property=\"og:site_name\" content=\"Steelblue Studios\" \/>\n<meta property=\"article:modified_time\" content=\"2023-05-03T14:20:05+00:00\" \/>\n<meta name=\"twitter:card\" content=\"summary_large_image\" \/>\n<script type=\"application\/ld+json\" class=\"yoast-schema-graph\">{\"@context\":\"https:\/\/schema.org\",\"@graph\":[{\"@type\":\"WebPage\",\"@id\":\"https:\/\/steelbluestudios.com\/impressum\",\"url\":\"https:\/\/steelbluestudios.com\/impressum\",\"name\":\"Impressum - Steelblue Studios\",\"isPartOf\":{\"@id\":\"https:\/\/steelbluestudios.com\/#website\"},\"datePublished\":\"2023-04-17T23:25:12+00:00\",\"dateModified\":\"2023-05-03T14:20:05+00:00\",\"breadcrumb\":{\"@id\":\"https:\/\/steelbluestudios.com\/impressum#breadcrumb\"},\"inLanguage\":\"en-US\",\"potentialAction\":[{\"@type\":\"ReadAction\",\"target\":[\"https:\/\/steelbluestudios.com\/impressum\"]}]},{\"@type\":\"BreadcrumbList\",\"@id\":\"https:\/\/steelbluestudios.com\/impressum#breadcrumb\",\"itemListElement\":[{\"@type\":\"ListItem\",\"position\":1,\"name\":\"Startseite\",\"item\":\"https:\/\/steelbluestudios.com\/\"},{\"@type\":\"ListItem\",\"position\":2,\"name\":\"Impressum\"}]},{\"@type\":\"WebSite\",\"@id\":\"https:\/\/steelbluestudios.com\/#website\",\"url\":\"https:\/\/steelbluestudios.com\/\",\"name\":\"Steelblue Studios\",\"description\":\"\",\"publisher\":{\"@id\":\"https:\/\/steelbluestudios.com\/#organization\"},\"potentialAction\":[{\"@type\":\"SearchAction\",\"target\":{\"@type\":\"EntryPoint\",\"urlTemplate\":\"https:\/\/steelbluestudios.com\/?s={search_term_string}\"},\"query-input\":{\"@type\":\"PropertyValueSpecification\",\"valueRequired\":true,\"valueName\":\"search_term_string\"}}],\"inLanguage\":\"en-US\"},{\"@type\":\"Organization\",\"@id\":\"https:\/\/steelbluestudios.com\/#organization\",\"name\":\"Steelblue Studios\",\"url\":\"https:\/\/steelbluestudios.com\/\",\"logo\":{\"@type\":\"ImageObject\",\"inLanguage\":\"en-US\",\"@id\":\"https:\/\/steelbluestudios.com\/#\/schema\/logo\/image\/\",\"url\":\"https:\/\/steelbluestudios.com\/wp-content\/uploads\/2023\/04\/steelblue_final_rgb_white_blue.png\",\"contentUrl\":\"https:\/\/steelbluestudios.com\/wp-content\/uploads\/2023\/04\/steelblue_final_rgb_white_blue.png\",\"width\":4797,\"height\":1137,\"caption\":\"Steelblue Studios\"},\"image\":{\"@id\":\"https:\/\/steelbluestudios.com\/#\/schema\/logo\/image\/\"}}]}<\/script>\n<!-- \/ Yoast SEO plugin. -->","yoast_head_json":{"title":"Impressum - Steelblue Studios","robots":{"index":"index","follow":"follow","max-snippet":"max-snippet:-1","max-image-preview":"max-image-preview:large","max-video-preview":"max-video-preview:-1"},"canonical":"https:\/\/steelbluestudios.com\/en\/impressum\/","og_locale":"en_US","og_type":"article","og_title":"Impressum - Steelblue Studios","og_description":"Impressum Allgemeine Informationen Steelblue Studios GmbHGartengasse 28\/8 1050 Wienoffice@steelbluestudios.com Gesch\u00e4ftsf\u00fchrende GesellschafterEmanuel J\u00f6rgner, Maximilian Strobl UIDATU78720403 Firmenbuch NummerFN 590974 f Firmenbuch-GerichtHandelsgericht Wien Mitglied der WKO Wien Verleihungsstaat\u00d6sterreich Aufsichtsbeh\u00f6rde\/Gewerbebeh\u00f6rdeMagistrat der Stadt Wien Gesch\u00e4ftszweig Visuelle Gestaltung und Konzeption von Veranstaltungen und Locations jeglicher Art, B\u00fchnendekorationen sowie Beschallungs-, Dekorations- und Beleuchtungst\u00e4tigkeiten f\u00fcr Veranstaltungen. Hinweise und Haftungsausschluss Im Hinblick auf [&hellip;]","og_url":"https:\/\/steelbluestudios.com\/en\/impressum\/","og_site_name":"Steelblue Studios","article_modified_time":"2023-05-03T14:20:05+00:00","twitter_card":"summary_large_image","schema":{"@context":"https:\/\/schema.org","@graph":[{"@type":"WebPage","@id":"https:\/\/steelbluestudios.com\/impressum","url":"https:\/\/steelbluestudios.com\/impressum","name":"Impressum - Steelblue Studios","isPartOf":{"@id":"https:\/\/steelbluestudios.com\/#website"},"datePublished":"2023-04-17T23:25:12+00:00","dateModified":"2023-05-03T14:20:05+00:00","breadcrumb":{"@id":"https:\/\/steelbluestudios.com\/impressum#breadcrumb"},"inLanguage":"en-US","potentialAction":[{"@type":"ReadAction","target":["https:\/\/steelbluestudios.com\/impressum"]}]},{"@type":"BreadcrumbList","@id":"https:\/\/steelbluestudios.com\/impressum#breadcrumb","itemListElement":[{"@type":"ListItem","position":1,"name":"Startseite","item":"https:\/\/steelbluestudios.com\/"},{"@type":"ListItem","position":2,"name":"Impressum"}]},{"@type":"WebSite","@id":"https:\/\/steelbluestudios.com\/#website","url":"https:\/\/steelbluestudios.com\/","name":"Steelblue Studios","description":"","publisher":{"@id":"https:\/\/steelbluestudios.com\/#organization"},"potentialAction":[{"@type":"SearchAction","target":{"@type":"EntryPoint","urlTemplate":"https:\/\/steelbluestudios.com\/?s={search_term_string}"},"query-input":{"@type":"PropertyValueSpecification","valueRequired":true,"valueName":"search_term_string"}}],"inLanguage":"en-US"},{"@type":"Organization","@id":"https:\/\/steelbluestudios.com\/#organization","name":"Steelblue Studios","url":"https:\/\/steelbluestudios.com\/","logo":{"@type":"ImageObject","inLanguage":"en-US","@id":"https:\/\/steelbluestudios.com\/#\/schema\/logo\/image\/","url":"https:\/\/steelbluestudios.com\/wp-content\/uploads\/2023\/04\/steelblue_final_rgb_white_blue.png","contentUrl":"https:\/\/steelbluestudios.com\/wp-content\/uploads\/2023\/04\/steelblue_final_rgb_white_blue.png","width":4797,"height":1137,"caption":"Steelblue Studios"},"image":{"@id":"https:\/\/steelbluestudios.com\/#\/schema\/logo\/image\/"}}]}},"_links":{"self":[{"href":"https:\/\/steelbluestudios.com\/en\/wp-json\/wp\/v2\/pages\/3312"}],"collection":[{"href":"https:\/\/steelbluestudios.com\/en\/wp-json\/wp\/v2\/pages"}],"about":[{"href":"https:\/\/steelbluestudios.com\/en\/wp-json\/wp\/v2\/types\/page"}],"author":[{"embeddable":true,"href":"https:\/\/steelbluestudios.com\/en\/wp-json\/wp\/v2\/users\/1"}],"replies":[{"embeddable":true,"href":"https:\/\/steelbluestudios.com\/en\/wp-json\/wp\/v2\/comments?post=3312"}],"version-history":[{"count":74,"href":"https:\/\/steelbluestudios.com\/en\/wp-json\/wp\/v2\/pages\/3312\/revisions"}],"predecessor-version":[{"id":4726,"href":"https:\/\/steelbluestudios.com\/en\/wp-json\/wp\/v2\/pages\/3312\/revisions\/4726"}],"wp:attachment":[{"href":"https:\/\/steelbluestudios.com\/en\/wp-json\/wp\/v2\/media?parent=3312"}],"curies":[{"name":"wp","href":"https:\/\/api.w.org\/{rel}","templated":true}]}}