{"id":301,"date":"2023-03-06T03:19:40","date_gmt":"2023-03-06T03:19:40","guid":{"rendered":"http:\/\/steelbluestudios.com\/?page_id=301"},"modified":"2025-10-29T22:59:06","modified_gmt":"2025-10-29T22:59:06","slug":"leistungen","status":"publish","type":"page","link":"https:\/\/steelbluestudios.com\/en\/leistungen","title":{"rendered":"Services"},"content":{"rendered":"<div data-elementor-type=\"wp-page\" data-elementor-id=\"301\" class=\"elementor elementor-301\" data-elementor-post-type=\"page\">\n\t\t\t\t\t\t<section class=\"elementor-section elementor-top-section elementor-element elementor-element-3192754 elementor-section-boxed elementor-section-height-default elementor-section-height-default\" data-id=\"3192754\" data-element_type=\"section\">\n\t\t\t\t\t\t<div class=\"elementor-container elementor-column-gap-default\">\n\t\t\t\t\t<div class=\"elementor-column elementor-col-100 elementor-top-column elementor-element elementor-element-93b1c78\" data-id=\"93b1c78\" data-element_type=\"column\">\n\t\t\t<div class=\"elementor-widget-wrap elementor-element-populated\">\n\t\t\t\t\t\t<div class=\"elementor-element elementor-element-bff5ab4 elementor-widget elementor-widget-spacer\" data-id=\"bff5ab4\" data-element_type=\"widget\" data-widget_type=\"spacer.default\">\n\t\t\t\t<div class=\"elementor-widget-container\">\n\t\t\t\t\t\t\t<div class=\"elementor-spacer\">\n\t\t\t<div class=\"elementor-spacer-inner\"><\/div>\n\t\t<\/div>\n\t\t\t\t\t\t<\/div>\n\t\t\t\t<\/div>\n\t\t\t\t<div class=\"elementor-element elementor-element-16cc77d elementor-widget elementor-widget-accordion\" data-id=\"16cc77d\" data-element_type=\"widget\" data-widget_type=\"accordion.default\">\n\t\t\t\t<div class=\"elementor-widget-container\">\n\t\t\t\t\t\t\t<div class=\"elementor-accordion\">\n\t\t\t\t\t\t\t<div class=\"elementor-accordion-item\">\n\t\t\t\t\t<div id=\"elementor-tab-title-2391\" class=\"elementor-tab-title\" data-tab=\"1\" role=\"button\" aria-controls=\"elementor-tab-content-2391\" aria-expanded=\"false\">\n\t\t\t\t\t\t\t\t\t\t\t\t<a class=\"elementor-accordion-title\" tabindex=\"0\">Duplicate<\/a>\n\t\t\t\t\t<\/div>\n\t\t\t\t\t<div id=\"elementor-tab-content-2391\" class=\"elementor-tab-content elementor-clearfix\" data-tab=\"1\" role=\"region\" aria-labelledby=\"elementor-tab-title-2391\"><\/div>\n\t\t\t\t<\/div>\n\t\t\t\t\t\t\t<div class=\"elementor-accordion-item\">\n\t\t\t\t\t<div id=\"elementor-tab-title-2392\" class=\"elementor-tab-title\" data-tab=\"2\" role=\"button\" aria-controls=\"elementor-tab-content-2392\" aria-expanded=\"false\">\n\t\t\t\t\t\t\t\t\t\t\t\t<a class=\"elementor-accordion-title\" tabindex=\"0\"><span class=\"slider-title-element\">CREATIVE DIRECTION<\/span><span class=\"slider-slash\"> \/<\/span><\/a>\n\t\t\t\t\t<\/div>\n\t\t\t\t\t<div id=\"elementor-tab-content-2392\" class=\"elementor-tab-content elementor-clearfix\" data-tab=\"2\" role=\"region\" aria-labelledby=\"elementor-tab-title-2392\"><div class=\"akkordeon-box\"><div class=\"translation-block\">In our opinion, the coordination of all (visual) departments of a show is an important factor for a lasting impression. The properly timed use of  <a class=\"easter-egg\" href=\"\/en\/dmx-journey\/\" target=\"_self\">light<\/a>, video, lasers, etc. has a high priority in the conception of a show for us. We strive to use our creativity to find the best possible way to create a coherent show with a common thread.<\/div><div><figure id=\"attachment_3350\" aria-describedby=\"caption-attachment-3350\" style=\"width: 800px\" class=\"wp-caption alignnone\"><img fetchpriority=\"high\" decoding=\"async\" class=\"wp-image-3350 size-large\" src=\"https:\/\/steelbluestudios.com\/wp-content\/uploads\/2023\/04\/Creative-Direction-min-1024x576.jpg\" alt=\"\" width=\"800\" height=\"450\" srcset=\"https:\/\/steelbluestudios.com\/wp-content\/uploads\/2023\/04\/Creative-Direction-min-1024x576.jpg 1024w, https:\/\/steelbluestudios.com\/wp-content\/uploads\/2023\/04\/Creative-Direction-min-300x169.jpg 300w, https:\/\/steelbluestudios.com\/wp-content\/uploads\/2023\/04\/Creative-Direction-min-768x432.jpg 768w, https:\/\/steelbluestudios.com\/wp-content\/uploads\/2023\/04\/Creative-Direction-min-1536x864.jpg 1536w, https:\/\/steelbluestudios.com\/wp-content\/uploads\/2023\/04\/Creative-Direction-min-2048x1152.jpg 2048w, https:\/\/steelbluestudios.com\/wp-content\/uploads\/2023\/04\/Creative-Direction-min-18x10.jpg 18w\" sizes=\"(max-width: 800px) 100vw, 800px\" \/><figcaption id=\"caption-attachment-3350\" class=\"wp-caption-text\">Paul Kalkbrenner @ Schloss Sch\u00f6nbrunn, 2021<\/figcaption><\/figure><\/div><\/div><\/div>\n\t\t\t\t<\/div>\n\t\t\t\t\t\t\t<div class=\"elementor-accordion-item\">\n\t\t\t\t\t<div id=\"elementor-tab-title-2393\" class=\"elementor-tab-title\" data-tab=\"3\" role=\"button\" aria-controls=\"elementor-tab-content-2393\" aria-expanded=\"false\">\n\t\t\t\t\t\t\t\t\t\t\t\t<a class=\"elementor-accordion-title\" tabindex=\"0\"><span class=\"slider-title-element\">LIGHTING DESIGN<\/span><span class=\"slider-slash\"> \/\/<\/span><\/a>\n\t\t\t\t\t<\/div>\n\t\t\t\t\t<div id=\"elementor-tab-content-2393\" class=\"elementor-tab-content elementor-clearfix\" data-tab=\"3\" role=\"region\" aria-labelledby=\"elementor-tab-title-2393\"><div class=\"akkordeon-box\"><div>We develop custom lighting designs tailored to the stage, space, dramaturgy, and music. By combining creative vision with technical expertise, we create atmospheres that evoke emotions and visually enhance the content. All visual elements such as lighting, lasers, video, and pyrotechnics can be seamlessly integrated. Whether it\u2019s a concert, show, or installation, our lighting design always focuses on impact rather than just technology. We use colors, contrasts, movements, and accents deliberately to shape spaces and make moments unforgettable.<\/div><div><figure id=\"attachment_5793\" aria-describedby=\"caption-attachment-5793\" style=\"width: 1834px\" class=\"wp-caption alignnone\"><img decoding=\"async\" class=\"wp-image-5793 size-full\" src=\"https:\/\/steelbluestudios.com\/wp-content\/uploads\/2025\/07\/DSC_2345-scaled-e1753783984519.jpg\" alt=\"\" width=\"1834\" height=\"1267\" srcset=\"https:\/\/steelbluestudios.com\/wp-content\/uploads\/2025\/07\/DSC_2345-scaled-e1753783984519.jpg 1834w, https:\/\/steelbluestudios.com\/wp-content\/uploads\/2025\/07\/DSC_2345-scaled-e1753783984519-300x207.jpg 300w, https:\/\/steelbluestudios.com\/wp-content\/uploads\/2025\/07\/DSC_2345-scaled-e1753783984519-1024x707.jpg 1024w, https:\/\/steelbluestudios.com\/wp-content\/uploads\/2025\/07\/DSC_2345-scaled-e1753783984519-768x531.jpg 768w, https:\/\/steelbluestudios.com\/wp-content\/uploads\/2025\/07\/DSC_2345-scaled-e1753783984519-1536x1061.jpg 1536w, https:\/\/steelbluestudios.com\/wp-content\/uploads\/2025\/07\/DSC_2345-scaled-e1753783984519-18x12.jpg 18w\" sizes=\"(max-width: 1834px) 100vw, 1834px\" \/><figcaption id=\"caption-attachment-5793\" class=\"wp-caption-text\">Seiler &amp; Speer, Ernst Happel Stadion 2025<\/figcaption><\/figure><\/div><\/div><\/div>\n\t\t\t\t<\/div>\n\t\t\t\t\t\t\t<div class=\"elementor-accordion-item\">\n\t\t\t\t\t<div id=\"elementor-tab-title-2394\" class=\"elementor-tab-title\" data-tab=\"4\" role=\"button\" aria-controls=\"elementor-tab-content-2394\" aria-expanded=\"false\">\n\t\t\t\t\t\t\t\t\t\t\t\t<a class=\"elementor-accordion-title\" tabindex=\"0\"><span class=\"slider-title-element\">PROGRAMMING<\/span><span class=\"slider-slash\"> \/\/\/<\/span><\/a>\n\t\t\t\t\t<\/div>\n\t\t\t\t\t<div id=\"elementor-tab-content-2394\" class=\"elementor-tab-content elementor-clearfix\" data-tab=\"4\" role=\"region\" aria-labelledby=\"elementor-tab-title-2394\"><div class=\"akkordeon-box\"><div><h4>Lights\u00a0 \/\/\u00a0 Laser\u00a0 \/\/\u00a0 Video\u00a0 \/\/\u00a0 Water<\/h4><p>We program visual components such as lighting, lasers, video, and even water. With the help of 3D visualization, we can create each individual cue with a high level of realism already during the preproduction phase.\u00a0<br \/>Depending on the project's requirements, we realize both timecode-synchronized shows and flexible, manually controlled live busking setups.<\/p><p>Our studio provides the ideal workspace for programming shows of any kind. We work with the industry's leading software and hardware tools currently available on the market.<\/p><\/div><div><figure id=\"attachment_3348\" aria-describedby=\"caption-attachment-3348\" style=\"width: 800px\" class=\"wp-caption alignnone\"><img decoding=\"async\" class=\"wp-image-3348 size-large\" src=\"https:\/\/steelbluestudios.com\/wp-content\/uploads\/2023\/04\/Programming-min-1024x684.jpg\" alt=\"\" width=\"800\" height=\"534\" srcset=\"https:\/\/steelbluestudios.com\/wp-content\/uploads\/2023\/04\/Programming-min-1024x684.jpg 1024w, https:\/\/steelbluestudios.com\/wp-content\/uploads\/2023\/04\/Programming-min-300x200.jpg 300w, https:\/\/steelbluestudios.com\/wp-content\/uploads\/2023\/04\/Programming-min-768x513.jpg 768w, https:\/\/steelbluestudios.com\/wp-content\/uploads\/2023\/04\/Programming-min-1536x1025.jpg 1536w, https:\/\/steelbluestudios.com\/wp-content\/uploads\/2023\/04\/Programming-min-2048x1367.jpg 2048w, https:\/\/steelbluestudios.com\/wp-content\/uploads\/2023\/04\/Programming-min-18x12.jpg 18w\" sizes=\"(max-width: 800px) 100vw, 800px\" \/><figcaption id=\"caption-attachment-3348\" class=\"wp-caption-text\">Steelblue Studios<\/figcaption><\/figure><\/div><\/div><\/div>\n\t\t\t\t<\/div>\n\t\t\t\t\t\t\t<div class=\"elementor-accordion-item\">\n\t\t\t\t\t<div id=\"elementor-tab-title-2395\" class=\"elementor-tab-title\" data-tab=\"5\" role=\"button\" aria-controls=\"elementor-tab-content-2395\" aria-expanded=\"false\">\n\t\t\t\t\t\t\t\t\t\t\t\t<a class=\"elementor-accordion-title\" tabindex=\"0\"><span class=\"slider-title-element\">OPERATING<\/span><span class=\"slider-slash\"> \/\/\/\/<\/span><\/a>\n\t\t\t\t\t<\/div>\n\t\t\t\t\t<div id=\"elementor-tab-content-2395\" class=\"elementor-tab-content elementor-clearfix\" data-tab=\"5\" role=\"region\" aria-labelledby=\"elementor-tab-title-2395\"><div class=\"akkordeon-box\"><div>In the final phase, we bring the show to life. The precise execution of the show ensures that everything happens at the right time. We stand behind the console full of enthusiasm, knowing that the magic of the visual show helps create the right mood in the room. Ultimately, this is what drives us - the creation of positive emotions.<\/div><div><figure id=\"attachment_3351\" aria-describedby=\"caption-attachment-3351\" style=\"width: 800px\" class=\"wp-caption alignnone\"><img loading=\"lazy\" decoding=\"async\" class=\"wp-image-3351 size-large\" src=\"https:\/\/steelbluestudios.com\/wp-content\/uploads\/2023\/04\/Operating-min-1024x684.jpg\" alt=\"\" width=\"800\" height=\"534\" srcset=\"https:\/\/steelbluestudios.com\/wp-content\/uploads\/2023\/04\/Operating-min-1024x684.jpg 1024w, https:\/\/steelbluestudios.com\/wp-content\/uploads\/2023\/04\/Operating-min-300x200.jpg 300w, https:\/\/steelbluestudios.com\/wp-content\/uploads\/2023\/04\/Operating-min-768x513.jpg 768w, https:\/\/steelbluestudios.com\/wp-content\/uploads\/2023\/04\/Operating-min-1536x1025.jpg 1536w, https:\/\/steelbluestudios.com\/wp-content\/uploads\/2023\/04\/Operating-min-2048x1367.jpg 2048w, https:\/\/steelbluestudios.com\/wp-content\/uploads\/2023\/04\/Operating-min-18x12.jpg 18w\" sizes=\"(max-width: 800px) 100vw, 800px\" \/><figcaption id=\"caption-attachment-3351\" class=\"wp-caption-text\">Bilderbuch @ FM4 Frequency Festival 2022<\/figcaption><\/figure><\/div><\/div><\/div>\n\t\t\t\t<\/div>\n\t\t\t\t\t\t\t<div class=\"elementor-accordion-item\">\n\t\t\t\t\t<div id=\"elementor-tab-title-2396\" class=\"elementor-tab-title\" data-tab=\"6\" role=\"button\" aria-controls=\"elementor-tab-content-2396\" aria-expanded=\"false\">\n\t\t\t\t\t\t\t\t\t\t\t\t<a class=\"elementor-accordion-title\" tabindex=\"0\"><span class=\"slider-title-element\">SYSTEM<\/span><span class=\"slider-slash\"> \/\/\/\/\/<\/span><\/a>\n\t\t\t\t\t<\/div>\n\t\t\t\t\t<div id=\"elementor-tab-content-2396\" class=\"elementor-tab-content elementor-clearfix\" data-tab=\"6\" role=\"region\" aria-labelledby=\"elementor-tab-title-2396\"><div class=\"akkordeon-box\">\n<div>In the field of event engineering, we handle the precise execution of CAD plans for stage and lighting systems, as well as network and signal distribution. We cover the departments of lighting, video, laser, and sound, ensuring that each system functions precisely and reliably. During the event, we ensure that the system operates smoothly and is perfectly tailored to the requirements of the show. After the event, the equipment is quickly and properly dismantled.<\/div>\n<div><img loading=\"lazy\" decoding=\"async\" class=\"wp-image-3349 size-large alignnone\" src=\"https:\/\/steelbluestudios.com\/wp-content\/uploads\/2023\/04\/Systemtechnik-min-1024x698.jpg\" alt=\"\" width=\"800\" height=\"545\" srcset=\"https:\/\/steelbluestudios.com\/wp-content\/uploads\/2023\/04\/Systemtechnik-min-1024x698.jpg 1024w, https:\/\/steelbluestudios.com\/wp-content\/uploads\/2023\/04\/Systemtechnik-min-300x204.jpg 300w, https:\/\/steelbluestudios.com\/wp-content\/uploads\/2023\/04\/Systemtechnik-min-768x523.jpg 768w, https:\/\/steelbluestudios.com\/wp-content\/uploads\/2023\/04\/Systemtechnik-min-1536x1047.jpg 1536w, https:\/\/steelbluestudios.com\/wp-content\/uploads\/2023\/04\/Systemtechnik-min-2048x1396.jpg 2048w, https:\/\/steelbluestudios.com\/wp-content\/uploads\/2023\/04\/Systemtechnik-min-18x12.jpg 18w\" sizes=\"(max-width: 800px) 100vw, 800px\" \/><\/div>\n<\/div><\/div>\n\t\t\t\t<\/div>\n\t\t\t\t\t\t\t<div class=\"elementor-accordion-item\">\n\t\t\t\t\t<div id=\"elementor-tab-title-2397\" class=\"elementor-tab-title\" data-tab=\"7\" role=\"button\" aria-controls=\"elementor-tab-content-2397\" aria-expanded=\"false\">\n\t\t\t\t\t\t\t\t\t\t\t\t<a class=\"elementor-accordion-title\" tabindex=\"0\"><span class=\"slider-title-element\">CAD-PLANNING<\/span><span class=\"slider-slash\"> \/\/\/\/\/\/<\/span><\/a>\n\t\t\t\t\t<\/div>\n\t\t\t\t\t<div id=\"elementor-tab-content-2397\" class=\"elementor-tab-content elementor-clearfix\" data-tab=\"7\" role=\"region\" aria-labelledby=\"elementor-tab-title-2397\"><div class=\"akkordeon-box\">\n<div>We create 2D and 3D drawings as well as detailed lighting design plans using Vectorworks \u2013 from the initial sketch to the complete show setup. This results in visual concepts that are not only creative but also technically sound and realistic. With precise planning, we provide a strong interface to technical execution and ensure smooth collaboration with service providers. It saves time, prevents misunderstandings, and brings the vision to the stage efficiently.<\/div>\n<div><img loading=\"lazy\" decoding=\"async\" class=\"alignnone wp-image-5787 size-full\" src=\"\/wp-content\/uploads\/2025\/10\/CAD_Planung-scaled.jpg\" alt=\"\" width=\"1970\" height=\"1070\" \/><\/div>\n<\/div><\/div>\n\t\t\t\t<\/div>\n\t\t\t\t\t\t\t\t<\/div>\n\t\t\t\t\t\t<\/div>\n\t\t\t\t<\/div>\n\t\t\t\t<div class=\"elementor-element elementor-element-afb5eb3 elementor-widget elementor-widget-spacer\" data-id=\"afb5eb3\" data-element_type=\"widget\" data-widget_type=\"spacer.default\">\n\t\t\t\t<div class=\"elementor-widget-container\">\n\t\t\t\t\t\t\t<div class=\"elementor-spacer\">\n\t\t\t<div class=\"elementor-spacer-inner\"><\/div>\n\t\t<\/div>\n\t\t\t\t\t\t<\/div>\n\t\t\t\t<\/div>\n\t\t\t\t\t<\/div>\n\t\t<\/div>\n\t\t\t\t\t<\/div>\n\t\t<\/section>\n\t\t\t\t<\/div>","protected":false},"excerpt":{"rendered":"<p>Duplicate CREATIVE DIRECTION \/ Die Abstimmung von allen (visuellen) Komponenten einer Show ist unserer Meinung nach ein wichtiger Faktor f\u00fcr den bleibenden Eindruck. Der richtig getimte Einsatz von Licht, Video, Laser, etc. hat bei der Konzeption einer Show f\u00fcr uns eine hohe Priorit\u00e4t. Wir versuchen mit unserer Kreativit\u00e4t den bestm\u00f6glichen Weg f\u00fcr eine m\u00f6glichst stimmige [&hellip;]<\/p>","protected":false},"author":1,"featured_media":3348,"parent":0,"menu_order":0,"comment_status":"closed","ping_status":"closed","template":"","meta":{"_acf_changed":false,"_monsterinsights_skip_tracking":false,"_monsterinsights_sitenote_active":false,"_monsterinsights_sitenote_note":"","_monsterinsights_sitenote_category":0,"footnotes":""},"class_list":["post-301","page","type-page","status-publish","has-post-thumbnail","hentry"],"acf":[],"yoast_head":"<!-- This site is optimized with the Yoast SEO plugin v25.1 - https:\/\/yoast.com\/wordpress\/plugins\/seo\/ -->\n<title>Leistungen - Steelblue Studios<\/title>\n<meta name=\"description\" content=\"Unser Leistungspaket setzt sich zusammen aus: Creative Direction, Programming, Operating und Systemtechnik.\" \/>\n<meta name=\"robots\" content=\"index, follow, max-snippet:-1, max-image-preview:large, max-video-preview:-1\" \/>\n<link rel=\"canonical\" href=\"https:\/\/steelbluestudios.com\/en\/leistungen\/\" \/>\n<meta property=\"og:locale\" content=\"en_US\" \/>\n<meta property=\"og:type\" content=\"article\" \/>\n<meta property=\"og:title\" content=\"Leistungen - Steelblue Studios\" \/>\n<meta property=\"og:description\" content=\"Die Abstimmung von allen (visuellen) Komponenten einer Show ist unserer Meinung nach ein wichtiger Faktor f\u00fcr den bleibenden Eindruck. Der richtig getimte Einsatz von Licht, Video, Laser, etc. hat bei der Konzeption einer Show f\u00fcr uns eine hohe Priorit\u00e4t.\" \/>\n<meta property=\"og:url\" content=\"https:\/\/steelbluestudios.com\/en\/leistungen\/\" \/>\n<meta property=\"og:site_name\" content=\"Steelblue Studios\" \/>\n<meta property=\"article:modified_time\" content=\"2025-10-29T22:59:06+00:00\" \/>\n<meta property=\"og:image\" content=\"https:\/\/steelbluestudios.com\/wp-content\/uploads\/2023\/04\/Programming-min-scaled.jpg\" \/>\n\t<meta property=\"og:image:width\" content=\"2560\" \/>\n\t<meta property=\"og:image:height\" content=\"1709\" \/>\n\t<meta property=\"og:image:type\" content=\"image\/jpeg\" \/>\n<meta name=\"twitter:card\" content=\"summary_large_image\" \/>\n<meta name=\"twitter:title\" content=\"Leistungen - Steelblue Studios\" \/>\n<meta name=\"twitter:description\" content=\"Die Abstimmung von allen (visuellen) Komponenten einer Show ist unserer Meinung nach ein wichtiger Faktor f\u00fcr den bleibenden Eindruck. Der richtig getimte Einsatz von Licht, Video, Laser, etc. hat bei der Konzeption einer Show f\u00fcr uns eine hohe Priorit\u00e4t.\" \/>\n<meta name=\"twitter:image\" content=\"https:\/\/steelbluestudios.com\/wp-content\/uploads\/2023\/04\/Programming-min-scaled.jpg\" \/>\n<meta name=\"twitter:label1\" content=\"Est. reading time\" \/>\n\t<meta name=\"twitter:data1\" content=\"4 minutes\" \/>\n<script type=\"application\/ld+json\" class=\"yoast-schema-graph\">{\"@context\":\"https:\/\/schema.org\",\"@graph\":[{\"@type\":\"WebPage\",\"@id\":\"https:\/\/steelbluestudios.com\/leistungen\",\"url\":\"https:\/\/steelbluestudios.com\/leistungen\",\"name\":\"Leistungen - Steelblue Studios\",\"isPartOf\":{\"@id\":\"https:\/\/steelbluestudios.com\/#website\"},\"primaryImageOfPage\":{\"@id\":\"https:\/\/steelbluestudios.com\/leistungen#primaryimage\"},\"image\":{\"@id\":\"https:\/\/steelbluestudios.com\/leistungen#primaryimage\"},\"thumbnailUrl\":\"https:\/\/steelbluestudios.com\/wp-content\/uploads\/2023\/04\/Programming-min-scaled.jpg\",\"datePublished\":\"2023-03-06T03:19:40+00:00\",\"dateModified\":\"2025-10-29T22:59:06+00:00\",\"description\":\"Unser Leistungspaket setzt sich zusammen aus: Creative Direction, Programming, Operating und Systemtechnik.\",\"breadcrumb\":{\"@id\":\"https:\/\/steelbluestudios.com\/leistungen#breadcrumb\"},\"inLanguage\":\"en-US\",\"potentialAction\":[{\"@type\":\"ReadAction\",\"target\":[\"https:\/\/steelbluestudios.com\/leistungen\"]}]},{\"@type\":\"ImageObject\",\"inLanguage\":\"en-US\",\"@id\":\"https:\/\/steelbluestudios.com\/leistungen#primaryimage\",\"url\":\"https:\/\/steelbluestudios.com\/wp-content\/uploads\/2023\/04\/Programming-min-scaled.jpg\",\"contentUrl\":\"https:\/\/steelbluestudios.com\/wp-content\/uploads\/2023\/04\/Programming-min-scaled.jpg\",\"width\":2560,\"height\":1709},{\"@type\":\"BreadcrumbList\",\"@id\":\"https:\/\/steelbluestudios.com\/leistungen#breadcrumb\",\"itemListElement\":[{\"@type\":\"ListItem\",\"position\":1,\"name\":\"Startseite\",\"item\":\"https:\/\/steelbluestudios.com\/\"},{\"@type\":\"ListItem\",\"position\":2,\"name\":\"Leistungen\"}]},{\"@type\":\"WebSite\",\"@id\":\"https:\/\/steelbluestudios.com\/#website\",\"url\":\"https:\/\/steelbluestudios.com\/\",\"name\":\"Steelblue Studios\",\"description\":\"\",\"publisher\":{\"@id\":\"https:\/\/steelbluestudios.com\/#organization\"},\"potentialAction\":[{\"@type\":\"SearchAction\",\"target\":{\"@type\":\"EntryPoint\",\"urlTemplate\":\"https:\/\/steelbluestudios.com\/?s={search_term_string}\"},\"query-input\":{\"@type\":\"PropertyValueSpecification\",\"valueRequired\":true,\"valueName\":\"search_term_string\"}}],\"inLanguage\":\"en-US\"},{\"@type\":\"Organization\",\"@id\":\"https:\/\/steelbluestudios.com\/#organization\",\"name\":\"Steelblue Studios\",\"url\":\"https:\/\/steelbluestudios.com\/\",\"logo\":{\"@type\":\"ImageObject\",\"inLanguage\":\"en-US\",\"@id\":\"https:\/\/steelbluestudios.com\/#\/schema\/logo\/image\/\",\"url\":\"https:\/\/steelbluestudios.com\/wp-content\/uploads\/2023\/04\/steelblue_final_rgb_white_blue.png\",\"contentUrl\":\"https:\/\/steelbluestudios.com\/wp-content\/uploads\/2023\/04\/steelblue_final_rgb_white_blue.png\",\"width\":4797,\"height\":1137,\"caption\":\"Steelblue Studios\"},\"image\":{\"@id\":\"https:\/\/steelbluestudios.com\/#\/schema\/logo\/image\/\"}}]}<\/script>\n<!-- \/ Yoast SEO plugin. -->","yoast_head_json":{"title":"Leistungen - Steelblue Studios","description":"Unser Leistungspaket setzt sich zusammen aus: Creative Direction, Programming, Operating und Systemtechnik.","robots":{"index":"index","follow":"follow","max-snippet":"max-snippet:-1","max-image-preview":"max-image-preview:large","max-video-preview":"max-video-preview:-1"},"canonical":"https:\/\/steelbluestudios.com\/en\/leistungen\/","og_locale":"en_US","og_type":"article","og_title":"Leistungen - Steelblue Studios","og_description":"Die Abstimmung von allen (visuellen) Komponenten einer Show ist unserer Meinung nach ein wichtiger Faktor f\u00fcr den bleibenden Eindruck. Der richtig getimte Einsatz von Licht, Video, Laser, etc. hat bei der Konzeption einer Show f\u00fcr uns eine hohe Priorit\u00e4t.","og_url":"https:\/\/steelbluestudios.com\/en\/leistungen\/","og_site_name":"Steelblue Studios","article_modified_time":"2025-10-29T22:59:06+00:00","og_image":[{"width":2560,"height":1709,"url":"https:\/\/steelbluestudios.com\/wp-content\/uploads\/2023\/04\/Programming-min-scaled.jpg","type":"image\/jpeg"}],"twitter_card":"summary_large_image","twitter_title":"Leistungen - Steelblue Studios","twitter_description":"Die Abstimmung von allen (visuellen) Komponenten einer Show ist unserer Meinung nach ein wichtiger Faktor f\u00fcr den bleibenden Eindruck. Der richtig getimte Einsatz von Licht, Video, Laser, etc. hat bei der Konzeption einer Show f\u00fcr uns eine hohe Priorit\u00e4t.","twitter_image":"https:\/\/steelbluestudios.com\/wp-content\/uploads\/2023\/04\/Programming-min-scaled.jpg","twitter_misc":{"Est. reading time":"4 minutes"},"schema":{"@context":"https:\/\/schema.org","@graph":[{"@type":"WebPage","@id":"https:\/\/steelbluestudios.com\/leistungen","url":"https:\/\/steelbluestudios.com\/leistungen","name":"Leistungen - Steelblue Studios","isPartOf":{"@id":"https:\/\/steelbluestudios.com\/#website"},"primaryImageOfPage":{"@id":"https:\/\/steelbluestudios.com\/leistungen#primaryimage"},"image":{"@id":"https:\/\/steelbluestudios.com\/leistungen#primaryimage"},"thumbnailUrl":"https:\/\/steelbluestudios.com\/wp-content\/uploads\/2023\/04\/Programming-min-scaled.jpg","datePublished":"2023-03-06T03:19:40+00:00","dateModified":"2025-10-29T22:59:06+00:00","description":"Unser Leistungspaket setzt sich zusammen aus: Creative Direction, Programming, Operating und Systemtechnik.","breadcrumb":{"@id":"https:\/\/steelbluestudios.com\/leistungen#breadcrumb"},"inLanguage":"en-US","potentialAction":[{"@type":"ReadAction","target":["https:\/\/steelbluestudios.com\/leistungen"]}]},{"@type":"ImageObject","inLanguage":"en-US","@id":"https:\/\/steelbluestudios.com\/leistungen#primaryimage","url":"https:\/\/steelbluestudios.com\/wp-content\/uploads\/2023\/04\/Programming-min-scaled.jpg","contentUrl":"https:\/\/steelbluestudios.com\/wp-content\/uploads\/2023\/04\/Programming-min-scaled.jpg","width":2560,"height":1709},{"@type":"BreadcrumbList","@id":"https:\/\/steelbluestudios.com\/leistungen#breadcrumb","itemListElement":[{"@type":"ListItem","position":1,"name":"Startseite","item":"https:\/\/steelbluestudios.com\/"},{"@type":"ListItem","position":2,"name":"Leistungen"}]},{"@type":"WebSite","@id":"https:\/\/steelbluestudios.com\/#website","url":"https:\/\/steelbluestudios.com\/","name":"Steelblue Studios","description":"","publisher":{"@id":"https:\/\/steelbluestudios.com\/#organization"},"potentialAction":[{"@type":"SearchAction","target":{"@type":"EntryPoint","urlTemplate":"https:\/\/steelbluestudios.com\/?s={search_term_string}"},"query-input":{"@type":"PropertyValueSpecification","valueRequired":true,"valueName":"search_term_string"}}],"inLanguage":"en-US"},{"@type":"Organization","@id":"https:\/\/steelbluestudios.com\/#organization","name":"Steelblue Studios","url":"https:\/\/steelbluestudios.com\/","logo":{"@type":"ImageObject","inLanguage":"en-US","@id":"https:\/\/steelbluestudios.com\/#\/schema\/logo\/image\/","url":"https:\/\/steelbluestudios.com\/wp-content\/uploads\/2023\/04\/steelblue_final_rgb_white_blue.png","contentUrl":"https:\/\/steelbluestudios.com\/wp-content\/uploads\/2023\/04\/steelblue_final_rgb_white_blue.png","width":4797,"height":1137,"caption":"Steelblue Studios"},"image":{"@id":"https:\/\/steelbluestudios.com\/#\/schema\/logo\/image\/"}}]}},"_links":{"self":[{"href":"https:\/\/steelbluestudios.com\/en\/wp-json\/wp\/v2\/pages\/301"}],"collection":[{"href":"https:\/\/steelbluestudios.com\/en\/wp-json\/wp\/v2\/pages"}],"about":[{"href":"https:\/\/steelbluestudios.com\/en\/wp-json\/wp\/v2\/types\/page"}],"author":[{"embeddable":true,"href":"https:\/\/steelbluestudios.com\/en\/wp-json\/wp\/v2\/users\/1"}],"replies":[{"embeddable":true,"href":"https:\/\/steelbluestudios.com\/en\/wp-json\/wp\/v2\/comments?post=301"}],"version-history":[{"count":492,"href":"https:\/\/steelbluestudios.com\/en\/wp-json\/wp\/v2\/pages\/301\/revisions"}],"predecessor-version":[{"id":5899,"href":"https:\/\/steelbluestudios.com\/en\/wp-json\/wp\/v2\/pages\/301\/revisions\/5899"}],"wp:featuredmedia":[{"embeddable":true,"href":"https:\/\/steelbluestudios.com\/en\/wp-json\/wp\/v2\/media\/3348"}],"wp:attachment":[{"href":"https:\/\/steelbluestudios.com\/en\/wp-json\/wp\/v2\/media?parent=301"}],"curies":[{"name":"wp","href":"https:\/\/api.w.org\/{rel}","templated":true}]}}