{"id":10,"date":"2022-10-15T12:13:54","date_gmt":"2022-10-15T12:13:54","guid":{"rendered":"http:\/\/steelbluestudios.com\/?page_id=10"},"modified":"2026-04-27T07:14:06","modified_gmt":"2026-04-27T07:14:06","slug":"ueber-uns","status":"publish","type":"page","link":"https:\/\/steelbluestudios.com\/en\/ueber-uns","title":{"rendered":"About us"},"content":{"rendered":"<div data-elementor-type=\"wp-page\" data-elementor-id=\"10\" class=\"elementor elementor-10\" data-elementor-post-type=\"page\">\n\t\t\t\t\t\t<section class=\"elementor-section elementor-top-section elementor-element elementor-element-d9df878 elementor-section-boxed elementor-section-height-default elementor-section-height-default\" data-id=\"d9df878\" data-element_type=\"section\">\n\t\t\t\t\t\t<div class=\"elementor-container elementor-column-gap-default\">\n\t\t\t\t\t<div class=\"elementor-column elementor-col-50 elementor-top-column elementor-element elementor-element-2997913\" data-id=\"2997913\" data-element_type=\"column\">\n\t\t\t<div class=\"elementor-widget-wrap elementor-element-populated\">\n\t\t\t\t\t\t<div class=\"elementor-element elementor-element-bc3473b elementor-widget elementor-widget-spacer\" data-id=\"bc3473b\" data-element_type=\"widget\" data-widget_type=\"spacer.default\">\n\t\t\t\t<div class=\"elementor-widget-container\">\n\t\t\t\t\t\t\t<div class=\"elementor-spacer\">\n\t\t\t<div class=\"elementor-spacer-inner\"><\/div>\n\t\t<\/div>\n\t\t\t\t\t\t<\/div>\n\t\t\t\t<\/div>\n\t\t\t\t<div class=\"elementor-element elementor-element-4c2c06f elementor-widget elementor-widget-heading\" data-id=\"4c2c06f\" data-element_type=\"widget\" data-widget_type=\"heading.default\">\n\t\t\t\t<div class=\"elementor-widget-container\">\n\t\t\t\t\t<h2 class=\"elementor-heading-title elementor-size-default\"><span class=\"ueber-uns-title\">ABOUT<\/span> <br>US <span class=\"stripes\">\/\/<\/span><\/h2>\t\t\t\t<\/div>\n\t\t\t\t<\/div>\n\t\t\t\t\t<\/div>\n\t\t<\/div>\n\t\t\t\t<div class=\"elementor-column elementor-col-50 elementor-top-column elementor-element elementor-element-98fbb05\" data-id=\"98fbb05\" data-element_type=\"column\">\n\t\t\t<div class=\"elementor-widget-wrap\">\n\t\t\t\t\t\t\t<\/div>\n\t\t<\/div>\n\t\t\t\t\t<\/div>\n\t\t<\/section>\n\t\t\t\t<section class=\"elementor-section elementor-top-section elementor-element elementor-element-e3dae41 elementor-section-boxed elementor-section-height-default elementor-section-height-default\" data-id=\"e3dae41\" data-element_type=\"section\">\n\t\t\t\t\t\t\t<div class=\"elementor-background-overlay\"><\/div>\n\t\t\t\t\t\t\t<div class=\"elementor-container elementor-column-gap-extended\">\n\t\t\t\t\t<div class=\"elementor-column elementor-col-50 elementor-top-column elementor-element elementor-element-b23caab\" data-id=\"b23caab\" data-element_type=\"column\">\n\t\t\t<div class=\"elementor-widget-wrap elementor-element-populated\">\n\t\t\t\t\t\t<div class=\"elementor-element elementor-element-171e865 elementor-widget elementor-widget-text-editor\" data-id=\"171e865\" data-element_type=\"widget\" data-widget_type=\"text-editor.default\">\n\t\t\t\t<div class=\"elementor-widget-container\">\n\t\t\t\t\t\t\t\t\t<p>We create light- and multimedia shows of all kinds in the entertainment industry. Our venues include primarily tours &amp; concerts, festivals, and corporate events.<\/p><p>After several years and many collaborative projects, it was time for us, Emanuel J\u00f6rgner and Maximilian Strobl, to take the next step and focus on the team concept. \"Steelblue Studios\" stands for a group of young, motivated light enthusiasts who want to realize themselves on various stages. Our common drive is to inspire people with impressive shows. Thanks to our passion, attention to detail, and years of experience, we are able to create perfect moments.<\/p>\t\t\t\t\t\t\t\t<\/div>\n\t\t\t\t<\/div>\n\t\t\t\t\t<\/div>\n\t\t<\/div>\n\t\t\t\t<div class=\"elementor-column elementor-col-50 elementor-top-column elementor-element elementor-element-42f460f\" data-id=\"42f460f\" data-element_type=\"column\" data-settings=\"{&quot;background_background&quot;:&quot;classic&quot;}\">\n\t\t\t<div class=\"elementor-widget-wrap elementor-element-populated\">\n\t\t\t\t\t\t<div class=\"elementor-element elementor-element-898cdfe elementor-widget elementor-widget-html\" data-id=\"898cdfe\" data-element_type=\"widget\" data-widget_type=\"html.default\">\n\t\t\t\t<div class=\"elementor-widget-container\">\n\t\t\t\t\t<div class=\"picture-frame\"><\/div>\t\t\t\t<\/div>\n\t\t\t\t<\/div>\n\t\t\t\t<div class=\"elementor-element elementor-element-ba9267f elementor-widget elementor-widget-image\" data-id=\"ba9267f\" data-element_type=\"widget\" data-widget_type=\"image.default\">\n\t\t\t\t<div class=\"elementor-widget-container\">\n\t\t\t\t\t\t\t\t\t\t\t\t\t\t\t<img fetchpriority=\"high\" decoding=\"async\" width=\"800\" height=\"534\" src=\"https:\/\/steelbluestudios.com\/wp-content\/uploads\/2023\/04\/Studio-2-min-1024x684.jpg\" class=\"attachment-large size-large wp-image-3347\" alt=\"\" srcset=\"https:\/\/steelbluestudios.com\/wp-content\/uploads\/2023\/04\/Studio-2-min-1024x684.jpg 1024w, https:\/\/steelbluestudios.com\/wp-content\/uploads\/2023\/04\/Studio-2-min-300x200.jpg 300w, https:\/\/steelbluestudios.com\/wp-content\/uploads\/2023\/04\/Studio-2-min-768x513.jpg 768w, https:\/\/steelbluestudios.com\/wp-content\/uploads\/2023\/04\/Studio-2-min-1536x1025.jpg 1536w, https:\/\/steelbluestudios.com\/wp-content\/uploads\/2023\/04\/Studio-2-min-2048x1367.jpg 2048w, https:\/\/steelbluestudios.com\/wp-content\/uploads\/2023\/04\/Studio-2-min-18x12.jpg 18w\" sizes=\"(max-width: 800px) 100vw, 800px\" \/>\t\t\t\t\t\t\t\t\t\t\t\t\t\t\t<\/div>\n\t\t\t\t<\/div>\n\t\t\t\t<div class=\"elementor-element elementor-element-1ace5c2 elementor-absolute elementor-widget elementor-widget-image\" data-id=\"1ace5c2\" data-element_type=\"widget\" id=\"ueber-uns-add-pic\" data-settings=\"{&quot;_position&quot;:&quot;absolute&quot;}\" data-widget_type=\"image.default\">\n\t\t\t\t<div class=\"elementor-widget-container\">\n\t\t\t\t\t\t\t\t\t\t\t\t\t\t\t<img decoding=\"async\" width=\"800\" height=\"534\" src=\"https:\/\/steelbluestudios.com\/wp-content\/uploads\/2023\/04\/Studio-1-min-1024x684.jpg\" class=\"attachment-large size-large wp-image-3346\" alt=\"\" srcset=\"https:\/\/steelbluestudios.com\/wp-content\/uploads\/2023\/04\/Studio-1-min-1024x684.jpg 1024w, https:\/\/steelbluestudios.com\/wp-content\/uploads\/2023\/04\/Studio-1-min-300x200.jpg 300w, https:\/\/steelbluestudios.com\/wp-content\/uploads\/2023\/04\/Studio-1-min-768x513.jpg 768w, https:\/\/steelbluestudios.com\/wp-content\/uploads\/2023\/04\/Studio-1-min-1536x1025.jpg 1536w, https:\/\/steelbluestudios.com\/wp-content\/uploads\/2023\/04\/Studio-1-min-2048x1367.jpg 2048w, https:\/\/steelbluestudios.com\/wp-content\/uploads\/2023\/04\/Studio-1-min-18x12.jpg 18w\" sizes=\"(max-width: 800px) 100vw, 800px\" \/>\t\t\t\t\t\t\t\t\t\t\t\t\t\t\t<\/div>\n\t\t\t\t<\/div>\n\t\t\t\t<div class=\"elementor-element elementor-element-685a140 elementor-widget__width-initial elementor-absolute elementor-widget elementor-widget-text-editor\" data-id=\"685a140\" data-element_type=\"widget\" id=\"ueber-uns-text-right\" data-settings=\"{&quot;_position&quot;:&quot;absolute&quot;}\" data-widget_type=\"text-editor.default\">\n\t\t\t\t<div class=\"elementor-widget-container\">\n\t\t\t\t\t\t\t\t\t<p>Our studio in Vienna is both a shared home base and the perfect environment to prepare projects of all kinds. We have multiple full equiped (programming) workstations and everything to guarantee a pleasant time.<\/p><p class=\"translation-block\">Wanna visit us? <a href=\"\/en\/kontakt\" target=\"_self\">Say Hello!<\/a><\/p><p>\u00a0<\/p><p>\u00a0<\/p>\t\t\t\t\t\t\t\t<\/div>\n\t\t\t\t<\/div>\n\t\t\t\t\t<\/div>\n\t\t<\/div>\n\t\t\t\t\t<\/div>\n\t\t<\/section>\n\t\t\t\t<section class=\"elementor-section elementor-top-section elementor-element elementor-element-303118a elementor-section-boxed elementor-section-height-default elementor-section-height-default\" data-id=\"303118a\" data-element_type=\"section\">\n\t\t\t\t\t\t<div class=\"elementor-container elementor-column-gap-default\">\n\t\t\t\t\t<div class=\"elementor-column elementor-col-100 elementor-top-column elementor-element elementor-element-34223ab\" data-id=\"34223ab\" data-element_type=\"column\">\n\t\t\t<div class=\"elementor-widget-wrap elementor-element-populated\">\n\t\t\t\t\t\t<div class=\"elementor-element elementor-element-318b9c9 elementor-widget elementor-widget-spacer\" data-id=\"318b9c9\" data-element_type=\"widget\" data-widget_type=\"spacer.default\">\n\t\t\t\t<div class=\"elementor-widget-container\">\n\t\t\t\t\t\t\t<div class=\"elementor-spacer\">\n\t\t\t<div class=\"elementor-spacer-inner\"><\/div>\n\t\t<\/div>\n\t\t\t\t\t\t<\/div>\n\t\t\t\t<\/div>\n\t\t\t\t<div class=\"elementor-element elementor-element-10910e3 elementor-widget elementor-widget-image\" data-id=\"10910e3\" data-element_type=\"widget\" data-widget_type=\"image.default\">\n\t\t\t\t<div class=\"elementor-widget-container\">\n\t\t\t\t\t\t\t\t\t\t\t\t\t\t\t<img decoding=\"async\" width=\"2560\" height=\"1164\" src=\"https:\/\/steelbluestudios.com\/wp-content\/uploads\/2026\/04\/250129_1608_OBJEKTIVGESEHEN__preview-scaled.jpeg\" class=\"attachment-full size-full wp-image-6002\" alt=\"\" srcset=\"https:\/\/steelbluestudios.com\/wp-content\/uploads\/2026\/04\/250129_1608_OBJEKTIVGESEHEN__preview-scaled.jpeg 2560w, https:\/\/steelbluestudios.com\/wp-content\/uploads\/2026\/04\/250129_1608_OBJEKTIVGESEHEN__preview-300x136.jpeg 300w, https:\/\/steelbluestudios.com\/wp-content\/uploads\/2026\/04\/250129_1608_OBJEKTIVGESEHEN__preview-1024x465.jpeg 1024w, https:\/\/steelbluestudios.com\/wp-content\/uploads\/2026\/04\/250129_1608_OBJEKTIVGESEHEN__preview-768x349.jpeg 768w, https:\/\/steelbluestudios.com\/wp-content\/uploads\/2026\/04\/250129_1608_OBJEKTIVGESEHEN__preview-1536x698.jpeg 1536w, https:\/\/steelbluestudios.com\/wp-content\/uploads\/2026\/04\/250129_1608_OBJEKTIVGESEHEN__preview-2048x931.jpeg 2048w, https:\/\/steelbluestudios.com\/wp-content\/uploads\/2026\/04\/250129_1608_OBJEKTIVGESEHEN__preview-18x8.jpeg 18w\" sizes=\"(max-width: 2560px) 100vw, 2560px\" \/>\t\t\t\t\t\t\t\t\t\t\t\t\t\t\t<\/div>\n\t\t\t\t<\/div>\n\t\t\t\t<div class=\"elementor-element elementor-element-755993b elementor-widget elementor-widget-spacer\" data-id=\"755993b\" data-element_type=\"widget\" data-widget_type=\"spacer.default\">\n\t\t\t\t<div class=\"elementor-widget-container\">\n\t\t\t\t\t\t\t<div class=\"elementor-spacer\">\n\t\t\t<div class=\"elementor-spacer-inner\"><\/div>\n\t\t<\/div>\n\t\t\t\t\t\t<\/div>\n\t\t\t\t<\/div>\n\t\t\t\t\t<\/div>\n\t\t<\/div>\n\t\t\t\t\t<\/div>\n\t\t<\/section>\n\t\t\t\t<\/div>","protected":false},"excerpt":{"rendered":"<p>\u00dcBER UNS \/\/ Wir kreieren Licht- bzw. Multimediashows aller Art im Entertainmentbereich. Zu unseren Schaupl\u00e4tzen z\u00e4hlen vorwiegend Tourneen &amp; Konzerte, Festivals und Corporate-Events. Nach einigen Jahren und vielen gemeinsamen Projekten war es f\u00fcr uns (Emanuel J\u00f6rgner und Maximilian Strobl) Zeit, den n\u00e4chsten Schritt zu gehen und den Fokus auf den Teamgedanken zu legen. \u201cSteelblue Studios\u201d [&hellip;]<\/p>","protected":false},"author":1,"featured_media":3346,"parent":0,"menu_order":0,"comment_status":"closed","ping_status":"closed","template":"","meta":{"_acf_changed":false,"_monsterinsights_skip_tracking":false,"_monsterinsights_sitenote_active":false,"_monsterinsights_sitenote_note":"","_monsterinsights_sitenote_category":0,"footnotes":""},"class_list":["post-10","page","type-page","status-publish","has-post-thumbnail","hentry"],"acf":[],"yoast_head":"<!-- This site is optimized with the Yoast SEO plugin v25.1 - https:\/\/yoast.com\/wordpress\/plugins\/seo\/ -->\n<title>\u00dcber uns - Steelblue Studios<\/title>\n<meta name=\"description\" content=\"Unser Studio in Wien ist zugleich gemeinsame Homebase, sowie die perfekte Umgebung um Projekte aller Art vorzubereiten.\" \/>\n<meta name=\"robots\" content=\"index, follow, max-snippet:-1, max-image-preview:large, max-video-preview:-1\" \/>\n<link rel=\"canonical\" href=\"https:\/\/steelbluestudios.com\/en\/ueber-uns\/\" \/>\n<meta property=\"og:locale\" content=\"en_US\" \/>\n<meta property=\"og:type\" content=\"article\" \/>\n<meta property=\"og:title\" content=\"\u00dcber uns - Steelblue Studios\" \/>\n<meta property=\"og:description\" content=\"Wir kreieren Licht- bzw. Multimediashows aller Art im Entertainmentbereich. Zu unseren Schaupl\u00e4tzen z\u00e4hlen vorwiegend Tourneen &amp; Konzerte, Festivals und Corporate-Events.\" \/>\n<meta property=\"og:url\" content=\"https:\/\/steelbluestudios.com\/en\/ueber-uns\/\" \/>\n<meta property=\"og:site_name\" content=\"Steelblue Studios\" \/>\n<meta property=\"article:modified_time\" content=\"2026-04-27T07:14:06+00:00\" \/>\n<meta property=\"og:image\" content=\"https:\/\/steelbluestudios.com\/wp-content\/uploads\/2023\/04\/Studio-1-min-scaled.jpg\" \/>\n\t<meta property=\"og:image:width\" content=\"2560\" \/>\n\t<meta property=\"og:image:height\" content=\"1709\" \/>\n\t<meta property=\"og:image:type\" content=\"image\/jpeg\" \/>\n<meta name=\"twitter:card\" content=\"summary_large_image\" \/>\n<meta name=\"twitter:title\" content=\"\u00dcber uns - Steelblue Studios\" \/>\n<meta name=\"twitter:description\" content=\"Wir kreieren Licht- bzw. Multimediashows aller Art im Entertainmentbereich. Zu unseren Schaupl\u00e4tzen z\u00e4hlen vorwiegend Tourneen &amp; Konzerte, Festivals und Corporate-Events.\" \/>\n<meta name=\"twitter:image\" content=\"https:\/\/steelbluestudios.com\/wp-content\/uploads\/2023\/04\/Studio-1-min-scaled.jpg\" \/>\n<meta name=\"twitter:label1\" content=\"Est. reading time\" \/>\n\t<meta name=\"twitter:data1\" content=\"2 minutes\" \/>\n<script type=\"application\/ld+json\" class=\"yoast-schema-graph\">{\"@context\":\"https:\/\/schema.org\",\"@graph\":[{\"@type\":\"WebPage\",\"@id\":\"https:\/\/steelbluestudios.com\/ueber-uns\",\"url\":\"https:\/\/steelbluestudios.com\/ueber-uns\",\"name\":\"\u00dcber uns - Steelblue Studios\",\"isPartOf\":{\"@id\":\"https:\/\/steelbluestudios.com\/#website\"},\"primaryImageOfPage\":{\"@id\":\"https:\/\/steelbluestudios.com\/ueber-uns#primaryimage\"},\"image\":{\"@id\":\"https:\/\/steelbluestudios.com\/ueber-uns#primaryimage\"},\"thumbnailUrl\":\"https:\/\/steelbluestudios.com\/wp-content\/uploads\/2023\/04\/Studio-1-min-scaled.jpg\",\"datePublished\":\"2022-10-15T12:13:54+00:00\",\"dateModified\":\"2026-04-27T07:14:06+00:00\",\"description\":\"Unser Studio in Wien ist zugleich gemeinsame Homebase, sowie die perfekte Umgebung um Projekte aller Art vorzubereiten.\",\"breadcrumb\":{\"@id\":\"https:\/\/steelbluestudios.com\/ueber-uns#breadcrumb\"},\"inLanguage\":\"en-US\",\"potentialAction\":[{\"@type\":\"ReadAction\",\"target\":[\"https:\/\/steelbluestudios.com\/ueber-uns\"]}]},{\"@type\":\"ImageObject\",\"inLanguage\":\"en-US\",\"@id\":\"https:\/\/steelbluestudios.com\/ueber-uns#primaryimage\",\"url\":\"https:\/\/steelbluestudios.com\/wp-content\/uploads\/2023\/04\/Studio-1-min-scaled.jpg\",\"contentUrl\":\"https:\/\/steelbluestudios.com\/wp-content\/uploads\/2023\/04\/Studio-1-min-scaled.jpg\",\"width\":2560,\"height\":1709},{\"@type\":\"BreadcrumbList\",\"@id\":\"https:\/\/steelbluestudios.com\/ueber-uns#breadcrumb\",\"itemListElement\":[{\"@type\":\"ListItem\",\"position\":1,\"name\":\"Startseite\",\"item\":\"https:\/\/steelbluestudios.com\/\"},{\"@type\":\"ListItem\",\"position\":2,\"name\":\"\u00dcber uns\"}]},{\"@type\":\"WebSite\",\"@id\":\"https:\/\/steelbluestudios.com\/#website\",\"url\":\"https:\/\/steelbluestudios.com\/\",\"name\":\"Steelblue Studios\",\"description\":\"\",\"publisher\":{\"@id\":\"https:\/\/steelbluestudios.com\/#organization\"},\"potentialAction\":[{\"@type\":\"SearchAction\",\"target\":{\"@type\":\"EntryPoint\",\"urlTemplate\":\"https:\/\/steelbluestudios.com\/?s={search_term_string}\"},\"query-input\":{\"@type\":\"PropertyValueSpecification\",\"valueRequired\":true,\"valueName\":\"search_term_string\"}}],\"inLanguage\":\"en-US\"},{\"@type\":\"Organization\",\"@id\":\"https:\/\/steelbluestudios.com\/#organization\",\"name\":\"Steelblue Studios\",\"url\":\"https:\/\/steelbluestudios.com\/\",\"logo\":{\"@type\":\"ImageObject\",\"inLanguage\":\"en-US\",\"@id\":\"https:\/\/steelbluestudios.com\/#\/schema\/logo\/image\/\",\"url\":\"https:\/\/steelbluestudios.com\/wp-content\/uploads\/2023\/04\/steelblue_final_rgb_white_blue.png\",\"contentUrl\":\"https:\/\/steelbluestudios.com\/wp-content\/uploads\/2023\/04\/steelblue_final_rgb_white_blue.png\",\"width\":4797,\"height\":1137,\"caption\":\"Steelblue Studios\"},\"image\":{\"@id\":\"https:\/\/steelbluestudios.com\/#\/schema\/logo\/image\/\"}}]}<\/script>\n<!-- \/ Yoast SEO plugin. -->","yoast_head_json":{"title":"\u00dcber uns - Steelblue Studios","description":"Unser Studio in Wien ist zugleich gemeinsame Homebase, sowie die perfekte Umgebung um Projekte aller Art vorzubereiten.","robots":{"index":"index","follow":"follow","max-snippet":"max-snippet:-1","max-image-preview":"max-image-preview:large","max-video-preview":"max-video-preview:-1"},"canonical":"https:\/\/steelbluestudios.com\/en\/ueber-uns\/","og_locale":"en_US","og_type":"article","og_title":"\u00dcber uns - Steelblue Studios","og_description":"Wir kreieren Licht- bzw. Multimediashows aller Art im Entertainmentbereich. Zu unseren Schaupl\u00e4tzen z\u00e4hlen vorwiegend Tourneen & Konzerte, Festivals und Corporate-Events.","og_url":"https:\/\/steelbluestudios.com\/en\/ueber-uns\/","og_site_name":"Steelblue Studios","article_modified_time":"2026-04-27T07:14:06+00:00","og_image":[{"width":2560,"height":1709,"url":"https:\/\/steelbluestudios.com\/wp-content\/uploads\/2023\/04\/Studio-1-min-scaled.jpg","type":"image\/jpeg"}],"twitter_card":"summary_large_image","twitter_title":"\u00dcber uns - Steelblue Studios","twitter_description":"Wir kreieren Licht- bzw. Multimediashows aller Art im Entertainmentbereich. Zu unseren Schaupl\u00e4tzen z\u00e4hlen vorwiegend Tourneen & Konzerte, Festivals und Corporate-Events.","twitter_image":"https:\/\/steelbluestudios.com\/wp-content\/uploads\/2023\/04\/Studio-1-min-scaled.jpg","twitter_misc":{"Est. reading time":"2 minutes"},"schema":{"@context":"https:\/\/schema.org","@graph":[{"@type":"WebPage","@id":"https:\/\/steelbluestudios.com\/ueber-uns","url":"https:\/\/steelbluestudios.com\/ueber-uns","name":"\u00dcber uns - Steelblue Studios","isPartOf":{"@id":"https:\/\/steelbluestudios.com\/#website"},"primaryImageOfPage":{"@id":"https:\/\/steelbluestudios.com\/ueber-uns#primaryimage"},"image":{"@id":"https:\/\/steelbluestudios.com\/ueber-uns#primaryimage"},"thumbnailUrl":"https:\/\/steelbluestudios.com\/wp-content\/uploads\/2023\/04\/Studio-1-min-scaled.jpg","datePublished":"2022-10-15T12:13:54+00:00","dateModified":"2026-04-27T07:14:06+00:00","description":"Unser Studio in Wien ist zugleich gemeinsame Homebase, sowie die perfekte Umgebung um Projekte aller Art vorzubereiten.","breadcrumb":{"@id":"https:\/\/steelbluestudios.com\/ueber-uns#breadcrumb"},"inLanguage":"en-US","potentialAction":[{"@type":"ReadAction","target":["https:\/\/steelbluestudios.com\/ueber-uns"]}]},{"@type":"ImageObject","inLanguage":"en-US","@id":"https:\/\/steelbluestudios.com\/ueber-uns#primaryimage","url":"https:\/\/steelbluestudios.com\/wp-content\/uploads\/2023\/04\/Studio-1-min-scaled.jpg","contentUrl":"https:\/\/steelbluestudios.com\/wp-content\/uploads\/2023\/04\/Studio-1-min-scaled.jpg","width":2560,"height":1709},{"@type":"BreadcrumbList","@id":"https:\/\/steelbluestudios.com\/ueber-uns#breadcrumb","itemListElement":[{"@type":"ListItem","position":1,"name":"Startseite","item":"https:\/\/steelbluestudios.com\/"},{"@type":"ListItem","position":2,"name":"\u00dcber uns"}]},{"@type":"WebSite","@id":"https:\/\/steelbluestudios.com\/#website","url":"https:\/\/steelbluestudios.com\/","name":"Steelblue Studios","description":"","publisher":{"@id":"https:\/\/steelbluestudios.com\/#organization"},"potentialAction":[{"@type":"SearchAction","target":{"@type":"EntryPoint","urlTemplate":"https:\/\/steelbluestudios.com\/?s={search_term_string}"},"query-input":{"@type":"PropertyValueSpecification","valueRequired":true,"valueName":"search_term_string"}}],"inLanguage":"en-US"},{"@type":"Organization","@id":"https:\/\/steelbluestudios.com\/#organization","name":"Steelblue Studios","url":"https:\/\/steelbluestudios.com\/","logo":{"@type":"ImageObject","inLanguage":"en-US","@id":"https:\/\/steelbluestudios.com\/#\/schema\/logo\/image\/","url":"https:\/\/steelbluestudios.com\/wp-content\/uploads\/2023\/04\/steelblue_final_rgb_white_blue.png","contentUrl":"https:\/\/steelbluestudios.com\/wp-content\/uploads\/2023\/04\/steelblue_final_rgb_white_blue.png","width":4797,"height":1137,"caption":"Steelblue Studios"},"image":{"@id":"https:\/\/steelbluestudios.com\/#\/schema\/logo\/image\/"}}]}},"_links":{"self":[{"href":"https:\/\/steelbluestudios.com\/en\/wp-json\/wp\/v2\/pages\/10"}],"collection":[{"href":"https:\/\/steelbluestudios.com\/en\/wp-json\/wp\/v2\/pages"}],"about":[{"href":"https:\/\/steelbluestudios.com\/en\/wp-json\/wp\/v2\/types\/page"}],"author":[{"embeddable":true,"href":"https:\/\/steelbluestudios.com\/en\/wp-json\/wp\/v2\/users\/1"}],"replies":[{"embeddable":true,"href":"https:\/\/steelbluestudios.com\/en\/wp-json\/wp\/v2\/comments?post=10"}],"version-history":[{"count":390,"href":"https:\/\/steelbluestudios.com\/en\/wp-json\/wp\/v2\/pages\/10\/revisions"}],"predecessor-version":[{"id":6005,"href":"https:\/\/steelbluestudios.com\/en\/wp-json\/wp\/v2\/pages\/10\/revisions\/6005"}],"wp:featuredmedia":[{"embeddable":true,"href":"https:\/\/steelbluestudios.com\/en\/wp-json\/wp\/v2\/media\/3346"}],"wp:attachment":[{"href":"https:\/\/steelbluestudios.com\/en\/wp-json\/wp\/v2\/media?parent=10"}],"curies":[{"name":"wp","href":"https:\/\/api.w.org\/{rel}","templated":true}]}}